{"id":824,"date":"2024-07-01T07:56:22","date_gmt":"2024-07-01T07:56:22","guid":{"rendered":"https:\/\/solideq.com\/?post_type=product&#038;p=824"},"modified":"2026-01-14T07:37:13","modified_gmt":"2026-01-14T09:37:13","slug":"ramscaff","status":"publish","type":"product","link":"https:\/\/solideq.com\/no\/produkt\/ramscaff\/","title":{"rendered":"RamScaff\u2122"},"content":{"rendered":"<section\n    class=\"section-border-top bg-dark-red pt-8 pb-[3.375rem] md:pb-[7.5rem] md:pl-[3.313rem] md:pt-[6.438] lg:pl-[7.313rem] \">\n    <div class=\"max-width-container\">\n        <div class=\"relative md:flex min-h-[400px] overflow-hidden md:min-h-[680px]\">\n            <div class=\"px-4 md:w-[55%]\">\n                <h2 class=\"heading-lg text-white mb-6 max-w-[686px] pt-[12px] md:pt-[18px] md:mb-2\">Last ned materialer\n                <\/h2>\n                                    <p class=\"text-white body-lg mb-[3.188rem]\">Her finner du kataloger, monteringsanvisninger og annet praktisk materiale for deg som er nysgjerrig p\u00e5 rammestillas.<\/p>\n                                                    <div>\n                                                                                    <div class=\"cursor-pointer downloads-item flex items-center\">\n                                    <svg xmlns=\"http:\/\/www.w3.org\/2000\/svg\" width=\"32\" height=\"32\" viewBox=\"0 0 32 32\"\n                                        fill=\"none\">\n                                        <path\n                                            d=\"M15 4L15 16.5859L10.707 12.293L9.29282 13.7072L15.9999 20.4143L22.707 13.7072L21.2928 12.293L17 16.5858L17 4L15 4Z\"\n                                            fill=\"white\" \/>\n                                        <path d=\"M4 21V27H28V21\" stroke=\"white\" stroke-width=\"2\" \/>\n                                    <\/svg>\n\n                                    <a href=\"https:\/\/solideq.com\/wp-content\/uploads\/2026\/01\/Produktkatalog-Ramscaff-1.pdf\"\n                                        class=\"heading-sm text-white py-6 flex justify-between items-center ml-4\" download>\n                                        Ramscaff\u2122 produktkatalog\n                                    <\/a>\n                                <\/div>\n                                                                                                                <div class=\"cursor-pointer downloads-item flex items-center\">\n                                    <svg xmlns=\"http:\/\/www.w3.org\/2000\/svg\" width=\"32\" height=\"32\" viewBox=\"0 0 32 32\"\n                                        fill=\"none\">\n                                        <path\n                                            d=\"M15 4L15 16.5859L10.707 12.293L9.29282 13.7072L15.9999 20.4143L22.707 13.7072L21.2928 12.293L17 16.5858L17 4L15 4Z\"\n                                            fill=\"white\" \/>\n                                        <path d=\"M4 21V27H28V21\" stroke=\"white\" stroke-width=\"2\" \/>\n                                    <\/svg>\n\n                                    <a href=\"https:\/\/solideq.com\/wp-content\/uploads\/2024\/05\/Monteringsanvisning-Ramscaff-2022-02-Norsk.pdf\"\n                                        class=\"heading-sm text-white py-6 flex justify-between items-center ml-4\" download>\n                                        Ramscaff\u2122 monteringsveiledning\n                                    <\/a>\n                                <\/div>\n                                                                                                                <div class=\"cursor-pointer downloads-item flex items-center\">\n                                    <svg xmlns=\"http:\/\/www.w3.org\/2000\/svg\" width=\"32\" height=\"32\" viewBox=\"0 0 32 32\"\n                                        fill=\"none\">\n                                        <path\n                                            d=\"M15 4L15 16.5859L10.707 12.293L9.29282 13.7072L15.9999 20.4143L22.707 13.7072L21.2928 12.293L17 16.5858L17 4L15 4Z\"\n                                            fill=\"white\" \/>\n                                        <path d=\"M4 21V27H28V21\" stroke=\"white\" stroke-width=\"2\" \/>\n                                    <\/svg>\n\n                                    <a href=\"https:\/\/solideq.com\/wp-content\/uploads\/2024\/05\/C900487-Ramscaff-utgave-1-2022-10-01-Norsk-sertifikat.pdf\"\n                                        class=\"heading-sm text-white py-6 flex justify-between items-center ml-4\" download>\n                                        Ramscaff\u2122 typegodkjenning\n                                    <\/a>\n                                <\/div>\n                                                                                                                <div class=\"cursor-pointer downloads-item flex items-center\">\n                                    <svg xmlns=\"http:\/\/www.w3.org\/2000\/svg\" width=\"32\" height=\"32\" viewBox=\"0 0 32 32\"\n                                        fill=\"none\">\n                                        <path\n                                            d=\"M15 4L15 16.5859L10.707 12.293L9.29282 13.7072L15.9999 20.4143L22.707 13.7072L21.2928 12.293L17 16.5858L17 4L15 4Z\"\n                                            fill=\"white\" \/>\n                                        <path d=\"M4 21V27H28V21\" stroke=\"white\" stroke-width=\"2\" \/>\n                                    <\/svg>\n\n                                    <a href=\"https:\/\/solideq.com\/wp-content\/uploads\/2024\/05\/Katalog-tilbehor-090322.pdf\"\n                                        class=\"heading-sm text-white py-6 flex justify-between items-center ml-4\" download>\n                                        Tilbeh\u00f8rskatalog\n                                    <\/a>\n                                <\/div>\n                                                                                                                            <\/div>\n                            <\/div>\n\n            <div\n                class=\"w-full min-h-[400px] my-6 overflow-hidden relative md:absolute md:m-0 md:flex md:w-[40%] md:top-[120px] md:right-[-150px] lg:right-[-210px]h-auto\">\n                <img decoding=\"async\" src=\"\/assets\/img\/blocks-graphic.svg\" class=\"faq-graphic w-[400px] h-auto absolute right-[-150px] md:w-full md:static\" loading=\"lazy\"\/>\n            <\/div>\n        <\/div>\n    <\/div>\n<\/section>\n\n\n<section class=\"section-border-top bg-gray-200\">\n    <div class=\"max-width-container text-graphic-flex-container text-graphic-flex-reverse body-xl px-4 pb-[5.19rem] text-black md:pt-[35px] md:px-10\">\n        <div class=\"content-col mb-8 md:w-[45%] md:pl-12 md:flex md:flex-col md:justify-center \">\n            <h2 class=\"heading-lg my-3 md:max-w-[440px]\">RamScaff\u2122<\/h2>\n            <p class=\"mb-4 md:max-w-[440px] md:mb-6\">RamScaff\u2122 er laget av aluminium og passer for de fleste fasadearbeidere, ettersom plattformens plassering er fleksibel. Stillasene er godt egnet for inspeksjoner, gipsarbeid, maling, rengj\u00f8ring og isolering. I tillegg kan materialer og verkt\u00f8y trygt oppbevares p\u00e5 stillaset n\u00e5r de ikke er i bruk.<br \/>\r\n<\/p>\n\n                    <\/div>\n\n        <div class=\"img-col flex items-center md:w-[55%] overflow-hidden\">\n                            <img decoding=\"async\" src=\"https:\/\/cdn.ohmyhosting.se\/src\/https:\/\/solideq.com\/wp-content\/uploads\/2024\/05\/16613463913_f44deca5c4_o_c-1024x1024.jpeg\" class=\"rounded-[16px] w-full brightness-[0.8] aspect-square object-cover\" loading=\"lazy\" \/>\n                    <\/div>\n    <\/div>\n\n<\/section>\n\n<section\n  data-block=\"intro-block\"\n  class=\"acf-intro-block section-border-top pb-[5.563rem] pt-6 md:pt-[4.188rem] bg-gray-200\"\n>\n    <div class=\"max-width-container\">\n        <div class=\"flex flex-col md:flex-row-reverse md:px-[7.188rem] md:justify-between\">\n            <div class=\"px-4 md:flex md:flex-col md:justify-end md:ml-[9.125rem]\">\n                <p class=\"text-black body-md md:body-xl md:max-w-[670px] md:w-full\"> RamScaff\u2122 er fullt kompatibelt med v\u00e5re tidligere rammestillas, og tester fra RISE viser at det ogs\u00e5 fungerer godt sammen med systemer fra Layher og Altrad. <\/p>\n\n                            <\/div>\n\n                        <div class=\"w-full min-h-[267px] relative my-6 overflow-hidden md:m-0 md:w-auto md:flex\">\n                <img decoding=\"async\" src=\"\/assets\/img\/blocks-graphic.svg\" class=\"w-[278px] absolute right-[-80px] md:static md:right-0 md:w-[352px] dark-intro-graphic\" loading=\"lazy\"\/>\n            <\/div>\n                    <\/div>\n\n        <div class=\"mt-6 px-4 grid gap-4 md:grid-cols-2 md:mt-[7.813rem] lg:grid-cols-3\">\n                            <div class=\"min-h-[299px] flex flex-col py-8 px-6 rounded-[16px] md:min-h-[351px] text-black  bg-white\">\n            <svg xmlns=\"http:\/\/www.w3.org\/2000\/svg\" width=\"24\" height=\"24\" viewBox=\"0 0 24 24\" fill=\"none\" class=\"dark-usp-icon\">\n    <path fill-rule=\"evenodd\" clip-rule=\"evenodd\" d=\"M6 15.2348L12 18.5681L18 15.2348V8.76521L12 5.43188L6 8.76521V15.2348ZM12 2L3 7V17L12 22L21 17V7L12 2Z\" fill=\"white\"\/>\n<\/svg>\n    \n    <div class=\"text-black mt-16\">\n        <h3 class=\"heading-sm\">Et fleksibelt stillas<\/h3>\n        <p class=\"body-lg mt-2\">Stillaskonstruksjonen egner seg for vertikal standard installasjon av plattformer hver annen meter. Det er ogs\u00e5 mulig \u00e5 bruke ulike h\u00f8ydeniv\u00e5er ved hjelp av lavere rammer.<\/p>\n    <\/div>\n\n<\/div>\n                            <div class=\"min-h-[299px] flex flex-col py-8 px-6 rounded-[16px] md:min-h-[351px] text-black  bg-white\">\n            <svg xmlns=\"http:\/\/www.w3.org\/2000\/svg\" width=\"24\" height=\"24\" viewBox=\"0 0 24 24\" fill=\"none\"  class=\"dark-usp-icon\">\n    <path fill-rule=\"evenodd\" clip-rule=\"evenodd\" d=\"M12 17C14.7614 17 17 14.7614 17 12C17 9.23858 14.7614 7 12 7C9.23858 7 7 9.23858 7 12C7 14.7614 9.23858 17 12 17ZM12 20C16.4183 20 20 16.4183 20 12C20 7.58172 16.4183 4 12 4C7.58172 4 4 7.58172 4 12C4 16.4183 7.58172 20 12 20Z\" fill=\"white\"\/>\n<\/svg>    \n    <div class=\"text-black mt-16\">\n        <h3 class=\"heading-sm\">Rask montering<\/h3>\n        <p class=\"body-lg mt-2\">Systemet gir rask og sikker oppbygging av stillaser mot bygninger. Med hjelp av braketter og bjelker kan stillaser bygges rundt bygninger med komplisert utforming.<\/p>\n    <\/div>\n\n<\/div>\n                            <div class=\"min-h-[299px] flex flex-col py-8 px-6 rounded-[16px] md:min-h-[351px] text-black  bg-white\">\n            <svg xmlns=\"http:\/\/www.w3.org\/2000\/svg\" width=\"24\" height=\"24\" viewBox=\"0 0 24 24\" fill=\"none\"  class=\"dark-usp-icon\">\n    <path fill-rule=\"evenodd\" clip-rule=\"evenodd\" d=\"M12 6.34315L6.34313 12L12 17.6569L17.6568 12L12 6.34315ZM2.10049 12L12 21.8995L21.8995 12L12 2.10051L2.10049 12Z\" fill=\"white\"\/>\n<\/svg>\n    \n    <div class=\"text-black mt-16\">\n        <h3 class=\"heading-sm\">Kombiner fritt<\/h3>\n        <p class=\"body-lg mt-2\">RamScaff\u2122 er kompatibelt med v\u00e5re tidligere rammestillas og med systemer fra andre leverand\u00f8rer.<br \/>\r\n<\/p>\n    <\/div>\n\n<\/div>\n                    <\/div>\n    <\/div>\n<\/section>\n\n\n<section class=\"section-border-top bg-black\">\n    <div class=\"max-width-container text-graphic-flex-container  body-xl px-4 pb-[5.19rem] text-white md:pt-[35px] md:px-10\">\n        <div class=\"content-col mb-8 md:w-[45%] md:pl-12 md:flex md:flex-col md:justify-center \">\n            <h2 class=\"heading-lg my-3 md:max-w-[440px]\">Hvorfor aluminium?<\/h2>\n            <p class=\"mb-4 md:max-w-[440px] md:mb-6\">V\u00e5rt stillas er laget av aluminium, et fleksibelt og holdbart materiale med lav vekt. Alle komponenter er enkle \u00e5 montere og demontere, noe som reduserer risikoen for arbeidsskader og forenkler transporten. Visste du at aluminium kan resirkuleres i det uendelige? Dette er b\u00e6rekraft.<\/p>\n\n                    <\/div>\n\n        <div class=\"img-col flex items-center md:w-[55%] overflow-hidden\">\n                            <img decoding=\"async\" src=\"https:\/\/cdn.ohmyhosting.se\/src\/https:\/\/solideq.com\/wp-content\/uploads\/2024\/06\/Rectangle-69-1.png\" class=\"rounded-[16px] w-full brightness-[0.8] aspect-square object-cover\" loading=\"lazy\" \/>\n                    <\/div>\n    <\/div>\n\n<\/section>\n\n<section data-block=\"contact-person\" class=\"acf-contact-person section-border-top bg-gray-200 pb-[7.5rem] px-4 md:pt-[4.5rem] lg:pl-[7.313rem] md:pb-[10.25rem] md:pr-10\">\n    <div class=\"max-width-container\">\n        <h2 class=\"heading-lg mb-6 md:mb-16 pt-8 text-black\">Kontakt oss<\/h2>\n\n        <div class=\"flex flex-col lg:flex-row \">\n            <div class=\"flex flex-col p-4 bg-dark-red rounded-2xl max-w-[442px] mb-10 lg:mb-0\">\n        <img decoding=\"async\" src=\"https:\/\/cdn.ohmyhosting.se\/src\/https:\/\/solideq.com\/wp-content\/uploads\/2024\/07\/kundebilde-343-pakke-pa-meget-slitent-hus.jpg\" class=\"rounded-lg object-cover mb-4 brightness-[0.8] aspect-[1.1341]\" loading=\"lazy\"\/>\n    <div class=\"flex flex-col pb-1 gap-y-1 body-lg space-y-1\">\n        <h3 class=\"font-medium heading-sm text-white\">Kundeservice<\/h3>\n        <p class=\"text-white\">Ring eller mail oss p\u00e5<\/p>\n        <a href=\"tel:624 00 111\" class=\"hover:underline text-white\">624 00 111<\/a>\n        <a href=\"mailto:post@solideq.no\" class=\"hover:underline text-white\">post@solideq.no<\/a>\n    <\/div>\n<\/div>\n            <div class=\"max-w-[670px] lg:max-w-[479px] lg:ml-[7rem] xl:ml-[9.313rem]\">\n                <p class=\"body-lg text-black\">Du er hjertelig velkommen til \u00e5 kontakte oss hvis du har sp\u00f8rsm\u00e5l eller \u00f8nsker \u00e5 vite mer om rammestillas eller v\u00e5re andre produkter og tjenester. <br \/>\r\n<br \/>\r\nVi hjelper deg gjerne med \u00e5 finne den rette l\u00f8sningen for ditt prosjekt<\/p>\n            <\/div>\n        <\/div>\n    <\/div>\n<\/section>\n\n\n<section\n  data-block=\"image\"\n  class=\"acf-image h-[594px] md:h-[720px] relative\"\n>\n    <div class=\"max-width-container flex flex-col justify-between px-4 pb-[3.438rem] w-full h-full relative z-[1]\">\n\n                <div class=\"pusher-element\"><\/div>\n\n        <a href=\"https:\/\/solideq.com\/no\/referanser\/\" target=_self>\n            <div class=\"w-full max-w-[400px] min-h-[186px] relative flex flex-col bg-gray-800 rounded-2xl justify-between md:max-w-0 md:w-auto md:absolute md:bottom-[6.125rem] md:right-10  p-8 md:min-w-[442px]\">\n                <div class=\"mb-[4.5rem]\">\n                                            <div class=\"bg-black rounded-lg px-4 inline-block mb-3 capitalize\">\n                            <span class=\"body-md text-white\">Referanser<\/span>\n                        <\/div>\n                    \n                                            <h3 class=\"heading-sm text-white\">Vi har skapt mange trygge arbeidsplasser gjennom \u00e5rene. Utforsk v\u00e5re referanseprosjekter her.<\/h3>\n                                    <\/div>\n\n                <button class=\"card-button card-button--secondary\">\n                    <svg width=\"17\" height=\"14\" viewBox=\"0 0 17 14\" fill=\"none\" xmlns=\"http:\/\/www.w3.org\/2000\/svg\" class=\"\">\n    <path d=\"M2 0.146484H0V8.14648H12.5859L8.29297 12.4395L9.70718 13.8537L16.4143 7.14656L9.70718 0.439453L8.29297 1.85367L12.5858 6.14648H2V0.146484Z\"\/>\n<\/svg>\n                <\/button>\n            <\/div>\n        <\/a>\n            <\/div>\n\n    <div class=\"image-block-image w-full absolute top-[-33px]\">\n        <picture>\n                        <img decoding=\"async\" src=\"https:\/\/cdn.ohmyhosting.se\/src\/https:\/\/solideq.com\/wp-content\/uploads\/2024\/05\/d0cb32350b510eb4c5950622c539f6d0.jpeg\" class=\"w-full h-full rounded-tl-2xl rounded-tr-2xl object-cover brightness-[0.8]\" loading=\"lazy\"\/>\n        <\/picture>\n\n    <\/div>\n<\/section>\n","protected":false},"excerpt":{"rendered":"<p>Rammestillaset er v\u00e5rt mest lettmonterte fasadestillas og et popul\u00e6rt valg for de fleste arbeidere. Stillasene finnes i b\u00e5de aluminium og st\u00e5l. St\u00e5lvarianten har en lavere pris, men aluminiumstillaset er enklere \u00e5 h\u00e5ndtere.<\/p>\n","protected":false},"featured_media":1525,"parent":0,"template":"","meta":{"_acf_changed":true},"class_list":["post-824","product","type-product","status-publish","has-post-thumbnail","hentry"],"acf":[],"_links":{"self":[{"href":"https:\/\/solideq.com\/no\/wp-json\/wp\/v2\/product\/824","targetHints":{"allow":["GET"]}}],"collection":[{"href":"https:\/\/solideq.com\/no\/wp-json\/wp\/v2\/product"}],"about":[{"href":"https:\/\/solideq.com\/no\/wp-json\/wp\/v2\/types\/product"}],"wp:featuredmedia":[{"embeddable":true,"href":"https:\/\/solideq.com\/no\/wp-json\/wp\/v2\/media\/1525"}],"wp:attachment":[{"href":"https:\/\/solideq.com\/no\/wp-json\/wp\/v2\/media?parent=824"}],"curies":[{"name":"wp","href":"https:\/\/api.w.org\/{rel}","templated":true}]}}