{"id":693,"date":"2024-05-08T19:26:39","date_gmt":"2024-05-08T21:26:39","guid":{"rendered":"https:\/\/solideq.com\/produkt\/wepro\/"},"modified":"2026-01-14T07:39:37","modified_gmt":"2026-01-14T09:39:37","slug":"wepro","status":"publish","type":"product","link":"https:\/\/solideq.com\/no\/produkt\/wepro\/","title":{"rendered":"WePro\u2122"},"content":{"rendered":"<section data-block=\"contact-person\" class=\"acf-contact-person section-border-top bg-gray-200 pb-[7.5rem] px-4 md:pt-[4.5rem] lg:pl-[7.313rem] md:pb-[10.25rem] md:pr-10\">\n    <div class=\"max-width-container\">\n        <h2 class=\"heading-lg mb-6 md:mb-16 pt-8 text-black\">Kontakt oss<\/h2>\n\n        <div class=\"flex flex-col lg:flex-row \">\n            <div class=\"flex flex-col p-4 bg-dark-red rounded-2xl max-w-[442px] mb-10 lg:mb-0\">\n        <img decoding=\"async\" src=\"\/assets\/img\/staff-placeholder.png\" class=\"rounded-lg object-cover mb-4 aspect-[1.1341]\" loading=\"lazy\"\/>\n    <div class=\"flex flex-col pb-1 gap-y-1 body-lg space-y-1\">\n        <h3 class=\"font-medium heading-sm text-white\">Morten Stunner<\/h3>\n        <p class=\"text-white\">Key Account Manager<\/p>\n        <a href=\"tel:909 45 210\" class=\"hover:underline text-white\">909 45 210<\/a>\n        <a href=\"mailto:morten.stunner@solideq.no\" class=\"hover:underline text-white\">morten.stunner@solideq.no<\/a>\n    <\/div>\n<\/div>\n            <div class=\"max-w-[670px] lg:max-w-[479px] lg:ml-[7rem] xl:ml-[9.313rem]\">\n                <p class=\"body-lg text-black\">Du er hjertelig velkommen til \u00e5 kontakte oss hvis du har sp\u00f8rsm\u00e5l eller \u00f8nsker \u00e5 vite mer om WePro\u2122 eller v\u00e5re andre produkter og tjenester. <br \/>\r\n<br \/>\r\nVi hjelper deg gjerne med \u00e5 finne den rette l\u00f8sningen for ditt prosjekt.<\/p>\n            <\/div>\n        <\/div>\n    <\/div>\n<\/section>\n\n\n<section\n  data-block=\"image\"\n  class=\"acf-image h-[594px] md:h-[720px] relative\"\n>\n    <div class=\"max-width-container flex flex-col justify-between px-4 pb-[3.438rem] w-full h-full relative z-[1]\">\n\n                <div class=\"pusher-element\"><\/div>\n\n        <a href=\"https:\/\/solideq.com\/no\/referanser\/\" target=_self>\n            <div class=\"w-full max-w-[400px] min-h-[186px] relative flex flex-col bg-gray-800 rounded-2xl justify-between md:max-w-0 md:w-auto md:absolute md:bottom-[6.125rem] md:left-10  p-8 md:min-w-[442px]\">\n                <div class=\"mb-[4.5rem]\">\n                                            <div class=\"bg-black rounded-lg px-4 inline-block mb-3 capitalize\">\n                            <span class=\"body-md text-white\">Referanser<\/span>\n                        <\/div>\n                    \n                                            <h3 class=\"heading-sm text-white\">Vi har skapt mange trygge arbeidsplasser gjennom \u00e5rene. Utforsk v\u00e5re referanseprosjekter her.<\/h3>\n                                    <\/div>\n\n                <button class=\"card-button card-button--secondary\">\n                    <svg width=\"17\" height=\"14\" viewBox=\"0 0 17 14\" fill=\"none\" xmlns=\"http:\/\/www.w3.org\/2000\/svg\" class=\"\">\n    <path d=\"M2 0.146484H0V8.14648H12.5859L8.29297 12.4395L9.70718 13.8537L16.4143 7.14656L9.70718 0.439453L8.29297 1.85367L12.5858 6.14648H2V0.146484Z\"\/>\n<\/svg>\n                <\/button>\n            <\/div>\n        <\/a>\n            <\/div>\n\n    <div class=\"image-block-image w-full absolute top-[-33px]\">\n        <picture>\n                            <source\n                    srcset=\"https:\/\/cdn.ohmyhosting.se\/src\/https:\/\/solideq.com\/wp-content\/uploads\/2024\/05\/d0cb32350b510eb4c5950622c539f6d0.jpeg\"\n                    media=\"(min-width: 900px)\"\n                >\n                        <img decoding=\"async\" src=\"https:\/\/cdn.ohmyhosting.se\/src\/https:\/\/solideq.com\/wp-content\/uploads\/2024\/06\/Rectangle-88-1024x514.png\" class=\"w-full h-full rounded-tl-2xl rounded-tr-2xl object-cover brightness-[0.8]\" loading=\"lazy\"\/>\n        <\/picture>\n\n    <\/div>\n<\/section>\n","protected":false},"excerpt":{"rendered":"<p>V\u00e6rbeskyttelsen WePro\u2122 hjelper deg \u00e5 f\u00e5 jobben gjort, til tross for regn- og ruskev\u00e6r. Det er et komplett tak-over-tak-system, som med forsterkninger kan f\u00e5 en spennvidde p\u00e5 opptil 36 meter. V\u00e5re ingeni\u00f8rer lager skisser og beregninger for \u00e5 sikre en s\u00e5 solid konstruksjon som mulig.<\/p>\n","protected":false},"featured_media":1119,"parent":0,"template":"","meta":{"_acf_changed":true},"class_list":["post-693","product","type-product","status-publish","has-post-thumbnail","hentry"],"acf":[],"_links":{"self":[{"href":"https:\/\/solideq.com\/no\/wp-json\/wp\/v2\/product\/693","targetHints":{"allow":["GET"]}}],"collection":[{"href":"https:\/\/solideq.com\/no\/wp-json\/wp\/v2\/product"}],"about":[{"href":"https:\/\/solideq.com\/no\/wp-json\/wp\/v2\/types\/product"}],"wp:featuredmedia":[{"embeddable":true,"href":"https:\/\/solideq.com\/no\/wp-json\/wp\/v2\/media\/1119"}],"wp:attachment":[{"href":"https:\/\/solideq.com\/no\/wp-json\/wp\/v2\/media?parent=693"}],"curies":[{"name":"wp","href":"https:\/\/api.w.org\/{rel}","templated":true}]}}