{"id":513,"date":"2024-05-08T19:08:41","date_gmt":"2024-05-08T21:08:41","guid":{"rendered":"https:\/\/solideq.com\/?page_id=513"},"modified":"2026-01-13T12:06:35","modified_gmt":"2026-01-13T14:06:35","slug":"tjenester","status":"publish","type":"page","link":"https:\/\/solideq.com\/no\/tjenester\/","title":{"rendered":"Tjenester"},"content":{"rendered":"<section\n  data-block=\"intro-block\"\n  class=\"acf-intro-block section-border-top pb-[5.563rem] pt-6 md:pt-[4.188rem] bg-gray-200\"\n>\n    <div class=\"max-width-container\">\n        <div class=\"flex flex-col md:flex-row-reverse md:px-[7.188rem] md:justify-between\">\n            <div class=\"px-4 md:flex md:flex-col md:justify-end md:ml-[9.125rem]\">\n                <p class=\"text-black body-md md:body-xl md:max-w-[670px] md:w-full\"> For Solideq er sikkerhet, b\u00e6rekraft og innovasjon n\u00f8klene som sikrer din virksomhet. V\u00e5r tekniske avdeling arbeider tett med kundene og hjelper til med alt fra prosjektering, skisser og beregninger til produktutvikling, dimensjonering og 3D-modellering. Vi stiller opp hele veien fra start til m\u00e5l. <\/p>\n\n                            <\/div>\n\n                        <div class=\"w-full min-h-[267px] relative my-6 overflow-hidden md:m-0 md:w-auto md:flex\">\n                <img decoding=\"async\" src=\"\/assets\/img\/blocks-graphic.svg\" class=\"w-[278px] absolute right-[-80px] md:static md:right-0 md:w-[352px] dark-intro-graphic\" loading=\"lazy\"\/>\n            <\/div>\n                    <\/div>\n\n        <div class=\"mt-6 px-4 grid gap-4 md:grid-cols-2 md:mt-[7.813rem] lg:grid-cols-3\">\n                            <div class=\"min-h-[299px] flex flex-col py-8 px-6 rounded-[16px] md:min-h-[351px] text-black  bg-white\">\n            <svg xmlns=\"http:\/\/www.w3.org\/2000\/svg\" width=\"24\" height=\"24\" viewBox=\"0 0 24 24\" fill=\"none\" class=\"dark-usp-icon\">\n    <path fill-rule=\"evenodd\" clip-rule=\"evenodd\" d=\"M6 15.2348L12 18.5681L18 15.2348V8.76521L12 5.43188L6 8.76521V15.2348ZM12 2L3 7V17L12 22L21 17V7L12 2Z\" fill=\"white\"\/>\n<\/svg>\n    \n    <div class=\"text-black mt-16\">\n        <h3 class=\"heading-sm\">Sikkerhet<\/h3>\n        <p class=\"body-lg mt-2\">\u00c5 oppfylle sikkerhetskrav p\u00e5 papiret er en selvf\u00f8lge. \u00c5 f\u00f8le seg trygg p\u00e5 et stillas er noe annet \u2013 det er v\u00e5rt fremste m\u00e5l.<\/p>\n    <\/div>\n\n<\/div>\n                            <div class=\"min-h-[299px] flex flex-col py-8 px-6 rounded-[16px] md:min-h-[351px] text-black  bg-white\">\n            <svg xmlns=\"http:\/\/www.w3.org\/2000\/svg\" width=\"24\" height=\"24\" viewBox=\"0 0 24 24\" fill=\"none\"  class=\"dark-usp-icon\">\n    <path fill-rule=\"evenodd\" clip-rule=\"evenodd\" d=\"M12 17C14.7614 17 17 14.7614 17 12C17 9.23858 14.7614 7 12 7C9.23858 7 7 9.23858 7 12C7 14.7614 9.23858 17 12 17ZM12 20C16.4183 20 20 16.4183 20 12C20 7.58172 16.4183 4 12 4C7.58172 4 4 7.58172 4 12C4 16.4183 7.58172 20 12 20Z\" fill=\"white\"\/>\n<\/svg>    \n    <div class=\"text-black mt-16\">\n        <h3 class=\"heading-sm\">B\u00e6rekraft<\/h3>\n        <p class=\"body-lg mt-2\">Mange av produktene v\u00e5re er laget av aluminium, som kjennetegnes av sin slitestyrke og lette vekt. Dette reduserer risikoen for skader, behovet for transport og \u00f8ker lastekapasiteten.<\/p>\n    <\/div>\n\n<\/div>\n                            <div class=\"min-h-[299px] flex flex-col py-8 px-6 rounded-[16px] md:min-h-[351px] text-black  bg-white\">\n            <svg xmlns=\"http:\/\/www.w3.org\/2000\/svg\" width=\"24\" height=\"24\" viewBox=\"0 0 24 24\" fill=\"none\"  class=\"dark-usp-icon\">\n    <path fill-rule=\"evenodd\" clip-rule=\"evenodd\" d=\"M12 6.34315L6.34313 12L12 17.6569L17.6568 12L12 6.34315ZM2.10049 12L12 21.8995L21.8995 12L12 2.10051L2.10049 12Z\" fill=\"white\"\/>\n<\/svg>\n    \n    <div class=\"text-black mt-16\">\n        <h3 class=\"heading-sm\">Innovasjon<\/h3>\n        <p class=\"body-lg mt-2\">Med skarp ingeni\u00f8rkunst og et tett samarbeid med v\u00e5re produsenter, utvikler vi smarte l\u00f8sninger som gj\u00f8r v\u00e5re kunders arbeid enklere.<\/p>\n    <\/div>\n\n<\/div>\n                    <\/div>\n    <\/div>\n<\/section>\n\n\n<section\n    class=\"section-border-top bg-dark-red pt-8 pb-[3.375rem] md:pb-[7.5rem] md:pl-[3.313rem] md:pt-[6.438] lg:pl-[7.313rem] \">\n    <div class=\"max-width-container\">\n        <div class=\"relative md:flex min-h-[400px] overflow-hidden\">\n            <div class=\"px-4 md:w-[55%]\">\n                <h2 class=\"heading-lg text-white mb-6 max-w-[686px] pt-[12px] md:pt-[18px] md:mb-7\">Prosessen\n                <\/h2>\n                                    <p class=\"text-white body-lg mb-[3.188rem]\">Det begynner med en samtale, e-post eller m\u00f8te. Deretter ser arbeidsprosessen vanligvis slik ut:<\/p>\n                                <div>\n                                            <div class=\"faq-accordion-item cursor-pointer\">\n                            <div\n                                class=\"faq-accordion-header heading-sm text-white py-6 flex justify-between items-center\">\n                                Behovsanalyse og konsultasjon\n                                <svg xmlns=\"http:\/\/www.w3.org\/2000\/svg\" width=\"18\" height=\"18\" viewBox=\"0 0 18 18\"\n                                    fill=\"none\">\n                                    <path class=\"accordion-icon-minus\" d=\"M9 0V18\" stroke=\"white\" stroke-width=\"1.5\" \/>\n                                    <path d=\"M0 9L18 9\" stroke=\"white\" stroke-width=\"1.5\" \/>\n                                <\/svg>\n                            <\/div>\n                            <div class=\"faq-accordion-content body-lg text-white\">\n                                Du deler dine spesifikke behov og utfordringer. Vi diskuterer dine produkt- og prosjektkrav og s\u00f8rger for at vi kan tilby den beste l\u00f8sningen for deg.\n                            <\/div>\n                        <\/div>\n                                            <div class=\"faq-accordion-item cursor-pointer\">\n                            <div\n                                class=\"faq-accordion-header heading-sm text-white py-6 flex justify-between items-center\">\n                                L\u00f8sningsforslag og tilbud\n                                <svg xmlns=\"http:\/\/www.w3.org\/2000\/svg\" width=\"18\" height=\"18\" viewBox=\"0 0 18 18\"\n                                    fill=\"none\">\n                                    <path class=\"accordion-icon-minus\" d=\"M9 0V18\" stroke=\"white\" stroke-width=\"1.5\" \/>\n                                    <path d=\"M0 9L18 9\" stroke=\"white\" stroke-width=\"1.5\" \/>\n                                <\/svg>\n                            <\/div>\n                            <div class=\"faq-accordion-content body-lg text-white\">\n                                Vi utvikler en skreddersydd l\u00f8sning og gir et detaljert tilbud, fullstendig tilpasset din virksomhet.\n                            <\/div>\n                        <\/div>\n                                            <div class=\"faq-accordion-item cursor-pointer\">\n                            <div\n                                class=\"faq-accordion-header heading-sm text-white py-6 flex justify-between items-center\">\n                                Design og planlegging\n                                <svg xmlns=\"http:\/\/www.w3.org\/2000\/svg\" width=\"18\" height=\"18\" viewBox=\"0 0 18 18\"\n                                    fill=\"none\">\n                                    <path class=\"accordion-icon-minus\" d=\"M9 0V18\" stroke=\"white\" stroke-width=\"1.5\" \/>\n                                    <path d=\"M0 9L18 9\" stroke=\"white\" stroke-width=\"1.5\" \/>\n                                <\/svg>\n                            <\/div>\n                            <div class=\"faq-accordion-content body-lg text-white\">\n                                N\u00e5r tilbudet er godkjent, begynner vi designprosessen. V\u00e5rt team planlegger og designer den valgte l\u00f8sningen, og s\u00f8rger for at alle sikkerhets- og kvalitetskrav oppfylles.\n                            <\/div>\n                        <\/div>\n                                            <div class=\"faq-accordion-item cursor-pointer\">\n                            <div\n                                class=\"faq-accordion-header heading-sm text-white py-6 flex justify-between items-center\">\n                                Levering\n                                <svg xmlns=\"http:\/\/www.w3.org\/2000\/svg\" width=\"18\" height=\"18\" viewBox=\"0 0 18 18\"\n                                    fill=\"none\">\n                                    <path class=\"accordion-icon-minus\" d=\"M9 0V18\" stroke=\"white\" stroke-width=\"1.5\" \/>\n                                    <path d=\"M0 9L18 9\" stroke=\"white\" stroke-width=\"1.5\" \/>\n                                <\/svg>\n                            <\/div>\n                            <div class=\"faq-accordion-content body-lg text-white\">\n                                N\u00e5 leverer vi produktene sammen med klare instruksjoner eller hjelper med installasjon p\u00e5 stedet, avhengig av prosjektbeskrivelsen.\n                            <\/div>\n                        <\/div>\n                                            <div class=\"faq-accordion-item cursor-pointer\">\n                            <div\n                                class=\"faq-accordion-header heading-sm text-white py-6 flex justify-between items-center\">\n                                Support og oppf\u00f8lging\n                                <svg xmlns=\"http:\/\/www.w3.org\/2000\/svg\" width=\"18\" height=\"18\" viewBox=\"0 0 18 18\"\n                                    fill=\"none\">\n                                    <path class=\"accordion-icon-minus\" d=\"M9 0V18\" stroke=\"white\" stroke-width=\"1.5\" \/>\n                                    <path d=\"M0 9L18 9\" stroke=\"white\" stroke-width=\"1.5\" \/>\n                                <\/svg>\n                            <\/div>\n                            <div class=\"faq-accordion-content body-lg text-white\">\n                                Selvf\u00f8lgelig er vi her for deg ogs\u00e5 etter levering. Vi svarer p\u00e5 dine sp\u00f8rsm\u00e5l og s\u00f8rger for at du er forn\u00f8yd med v\u00e5r levering.\n                            <\/div>\n                        <\/div>\n                                    <\/div>\n                                    <a href=\"https:\/\/solideq.com\/no\/kontakt\/\" class=\"py-[20px] px-[44px] inline-flex items-center rounded label-md overflow-hidden relative button-variant-primary button-color-white  mt-8 md:mt-10\"\n    >\n    <svg width=\"17\" height=\"14\" viewBox=\"0 0 17 14\" fill=\"none\" xmlns=\"http:\/\/www.w3.org\/2000\/svg\" class=\"mr-[8px]\">\n    <path d=\"M2 0.146484H0V8.14648H12.5859L8.29297 12.4395L9.70718 13.8537L16.4143 7.14656L9.70718 0.439453L8.29297 1.85367L12.5858 6.14648H2V0.146484Z\"\/>\n<\/svg>\n    <span class=\"label-md\">Kontakt oss<\/span>\n<\/a>\n                            <\/div>\n\n            <div\n                class=\"w-full min-h-[400px] my-6 overflow-hidden relative md:absolute md:m-0 md:flex md:w-[40%] md:top-[120px] md:right-[-150px] lg:right-[-210px]h-auto\">\n                <img decoding=\"async\" src=\"\/assets\/img\/blocks-graphic.svg\"\n                    class=\"faq-graphic w-[400px] h-auto absolute right-[-150px] md:w-full md:static\" loading=\"lazy\" \/>\n            <\/div>\n            <div>\n            <\/div>\n<\/section>\n\n\n<section data-block=\"slider\" class=\"acf-slider section-border-top bg-gray-200\">\n    <div class=\"max-width-container\">\n        <div class=\"px-4 pb-[5rem] md:px-[7.313rem]\">\n            <h2 class=\"heading-lg pt-3 md:pt-[1.188rem]\">\n                V\u00e5re tjenester\n            <\/h2>\n            <p class=\"body-lg mt-3 md:max-w-[670px]\">Her kan du se et utvalg av de vanligste tjenestene vi tilbyr v\u00e5re kunder. Hvis du trenger r\u00e5d eller har en annen oppgave du trenger hjelp med, ikke n\u00f8l med \u00e5 ta kontakt.<\/p>\n                    <\/div>\n\n        <div class=\"w-full h-full pl-4 pb-14\">\n            <div class=\" solideqSwiper swiper-container h-[490px] md:h-[540px] mx-auto relative overflow-hidden z-[1] block\">\n                <div class=\"swiper-wrapper\">\n                                                                        \n\n                            <div class=\"swiper-slide bg-white text-black rounded-[16px] p-6 relative\">\n                                <h2 class=\"heading-md\">\n                                                                         <span>3D-modellering<\/span>                                 <\/h2>\n                                <p class=\"body-lg mt-2\">V\u00e5re ingeni\u00f8rer jobber med BIM (Building Information Models) og Scaffplanner. Vi hjelper deg med \u00e5 lage skisser som kan brukes av flere arbeidsgrupper for \u00e5 effektivisere samarbeidet, spare penger og unng\u00e5 misforst\u00e5elser i prosjektet.<\/p>\n\n                                                            <\/div>\n                                                    \n\n                            <div class=\"swiper-slide bg-white text-black rounded-[16px] p-6 relative\">\n                                <h2 class=\"heading-md\">\n                                                                         <span>Logistikk og transport<\/span>                                 <\/h2>\n                                <p class=\"body-lg mt-2\">Trenger du \u00e5 transportere stillas, v\u00e6rsikring eller andre produkter til eller fra arbeidsplassen? Vi hjelper deg gjerne med \u00e5 finne en transportl\u00f8sning som passer dine behov.<\/p>\n\n                                                            <\/div>\n                                                    \n\n                            <div class=\"swiper-slide bg-white text-black rounded-[16px] p-6 relative\">\n                                <h2 class=\"heading-md\">\n                                                                         <span>Stillasdimensjonering<\/span>                                 <\/h2>\n                                <p class=\"body-lg mt-2\">Det er mange parametere \u00e5 vurdere n\u00e5r man planlegger stillas for et prosjekt: v\u00e6r og vind, belastning, milj\u00f8 og plattformfleksibilitet. Vi f\u00f8lger deg gjennom hele prosessen fra planlegging til demontering, og hjelper deg med alle n\u00f8dvendige skisser og beregninger.<\/p>\n\n                                                            <\/div>\n                                                    \n\n                            <div class=\"swiper-slide bg-white text-black rounded-[16px] p-6 relative\">\n                                <h2 class=\"heading-md\">\n                                                                         <span>Generell teknisk r\u00e5dgivning <\/span>                                 <\/h2>\n                                <p class=\"body-lg mt-2\">Vi er bare en telefonsamtale unna og er klare til \u00e5 svare p\u00e5 sp\u00f8rsm\u00e5l om dimensjonering, montering eller andre tekniske saker.&lt;br \/&gt;\r\n<\/p>\n\n                                                            <\/div>\n                                                    \n\n                            <div class=\"swiper-slide bg-white text-black rounded-[16px] p-6 relative\">\n                                <h2 class=\"heading-md\">\n                                                                         <span>Feils\u00f8king p\u00e5 stedet<\/span>                                 <\/h2>\n                                <p class=\"body-lg mt-2\">Hvis det oppst\u00e5r problemer, kan v\u00e5re teknikere ofte komme til arbeidsplassen for \u00e5 finne en l\u00f8sning.<\/p>\n\n                                                            <\/div>\n                                                    \n\n                            <div class=\"swiper-slide bg-white text-black rounded-[16px] p-6 relative\">\n                                <h2 class=\"heading-md\">\n                                                                         <span>Produktutvikling <\/span>                                 <\/h2>\n                                <p class=\"body-lg mt-2\">Som en innovasjonsdrevet organisasjon utvikler vi nye produkter inspirert av v\u00e5re kunders behov eller utfordringer. Vi skisserer, designer og lager prototyper som gjennomg\u00e5r testing f\u00f8r de kommer p\u00e5 markedet. Har du en id\u00e9? La oss pr\u00f8ve den sammen!<\/p>\n\n                                                            <\/div>\n                                                            <\/div>\n                <div class=\"slider-navigation \">\n                    <div class=\"swiper-button-prev\">\n                        <svg width=\"16\" height=\"16\" viewBox=\"0 0 16 16\" fill=\"none\" xmlns=\"http:\/\/www.w3.org\/2000\/svg\">\n                            <path d=\"M16 7H3.83L9.42 1.41L8 0L0 8L8 16L9.41 14.59L3.83 9H16V7Z\" fill=\"white\"\/>\n                        <\/svg>\n\n                    <\/div>\n                    <div class=\"swiper-button-next\">\n                        <svg width=\"16\" height=\"16\" viewBox=\"0 0 16 16\" fill=\"none\" xmlns=\"http:\/\/www.w3.org\/2000\/svg\">\n                            <path d=\"M8 0L6.59 1.41L12.17 7H0V9H12.17L6.59 14.59L8 16L16 8L8 0Z\" fill=\"white\"\/>\n                        <\/svg>\n                    <\/div>\n                <\/div>\n                <div class=\"swiper-pagination \"><\/div>\n                \n                <div>\n            <\/div>\n        <\/div>\n\n    <\/div>\n<\/section>\n\n\n<section class=\"section-border-top bg-blue\">\n    <div class=\"max-width-container text-graphic-flex-container  body-xl px-4 pb-[5.19rem] text-white md:pt-[35px] md:px-10\">\n        <div class=\"content-col mb-8 md:w-[45%] md:pl-12 md:flex md:flex-col md:justify-center \">\n            <h2 class=\"heading-lg my-3 md:max-w-[440px]\">En tryggere arbeidsplass<\/h2>\n            <p class=\"mb-4 md:max-w-[440px] md:mb-6\">Arbeidet som stillasmont\u00f8r er ofte risikofylt. Ulykker, skader og slitne kropper er vanlig i bransjen. Det \u00f8nsker vi \u00e5 endre. Ved \u00e5 utvikle produkter med brukeren i fokus og velge materialer som er enkle \u00e5 h\u00e5ndtere, kan vi bidra til en tryggere arbeidsplass for alle som monterer og arbeider fra byggstillaser.<br \/>\r\n<br \/>\r\nV\u00e5rt m\u00e5l er \u00e5 levere produkter som ikke bare er trygge p\u00e5 papiret, men som ogs\u00e5 f\u00e5r deg til \u00e5 f\u00f8le deg trygg n\u00e5r du bruker dem.<\/p>\n\n                    <\/div>\n\n        <div class=\"img-col flex items-center md:w-[55%] overflow-hidden\">\n                            <img decoding=\"async\" src=\"https:\/\/cdn.ohmyhosting.se\/src\/https:\/\/solideq.com\/wp-content\/uploads\/2024\/06\/Rectangle-69-1.png\" class=\"rounded-[16px] w-full brightness-[0.8] aspect-square object-cover\" loading=\"lazy\" \/>\n                    <\/div>\n    <\/div>\n\n<\/section>\n\n<section class=\"section-border-top bg-black\">\n    <div class=\"max-width-container text-graphic-flex-container text-graphic-flex-reverse body-xl px-4 pb-[5.19rem] text-white md:pt-[35px] md:px-10\">\n        <div class=\"content-col mb-8 md:w-[45%] md:pl-12 md:flex md:flex-col md:justify-center \">\n            <h2 class=\"heading-lg my-3 md:max-w-[440px]\">Vi tar stilling for fremtiden<\/h2>\n            <p class=\"mb-4 md:max-w-[440px] md:mb-6\">En tryggere arbeidsplass er i v\u00e5re \u00f8yne ogs\u00e5 en b\u00e6rekraftig arbeidsplass. Vi har valgt \u00e5 fokusere p\u00e5 aluminium som materiale. Aluminium veier betydelig mindre enn st\u00e5l som tradisjonelt har blitt brukt i byggstillas. Produksjonen slipper ut mindre klimagasser og transportene blir f\u00e6rre takket v\u00e6re den lave vekten. Men fremfor alt sparer det stillasmont\u00f8rene fra belastningsskader og reduserer risikoen for ulykker.<\/p>\n\n                    <\/div>\n\n        <div class=\"img-col flex items-center md:w-[55%] overflow-hidden\">\n                            <img decoding=\"async\" src=\"https:\/\/cdn.ohmyhosting.se\/src\/https:\/\/solideq.com\/wp-content\/uploads\/2024\/05\/DSC02500.jpg\" class=\"rounded-[16px] w-full brightness-[0.8] aspect-square object-cover\" loading=\"lazy\" \/>\n                    <\/div>\n    <\/div>\n\n<\/section>\n\n<section class=\"section-border-top bg-gray-200\">\n    <div class=\"max-width-container text-graphic-flex-container  body-xl px-4 pb-[5.19rem] text-black md:pt-[35px] pl-0 px-0 md:px-0 pr-4 md:pr-10\">\n        <div class=\"content-col mb-8 md:w-[45%] md:pl-12 md:flex md:flex-col md:justify-center px-4 md:px-0\">\n            <h2 class=\"heading-lg my-3 md:max-w-[440px]\">V\u00e5re produkter<\/h2>\n            <p class=\"mb-4 md:max-w-[440px] md:mb-6\">Alle har rett til en sikker arbeidsplass. Vi arbeider med mange ulike bransjer og bruker v\u00e5r kunnskap og erfaring til \u00e5 finne den beste l\u00f8sningen for dine behov og utfordringer. Enten du arbeider p\u00e5 en byggeplass, i industrien eller med olje og gass.<br \/>\r\n<br \/>\r\n<\/p>\n\n                            <a href=\"https:\/\/solideq.com\/no\/produkter\/\" class=\"py-[20px] px-[44px] inline-flex items-center rounded label-md overflow-hidden relative button-variant-secondary button-color-black  self-start\"\n    >\n    <svg width=\"17\" height=\"14\" viewBox=\"0 0 17 14\" fill=\"none\" xmlns=\"http:\/\/www.w3.org\/2000\/svg\" class=\"mr-[8px]\">\n    <path d=\"M2 0.146484H0V8.14648H12.5859L8.29297 12.4395L9.70718 13.8537L16.4143 7.14656L9.70718 0.439453L8.29297 1.85367L12.5858 6.14648H2V0.146484Z\"\/>\n<\/svg>\n    <span class=\"label-md\"> Les mer<\/span>\n<\/a>\n                    <\/div>\n\n        <div class=\"img-col flex items-center md:w-[55%] overflow-hidden\">\n                            <img decoding=\"async\" src=\"\/assets\/img\/blocks-graphic.svg\" class=\"text-graphic-svg w-full ml-[-4.8rem] sm:w-[80%] md:w-[704px] md:ml-[-13rem] text-graphic-svg--red\" loading=\"lazy\"\/>\n                    <\/div>\n    <\/div>\n\n<\/section>\n\n<section\n  data-block=\"image\"\n  class=\"acf-image h-[594px] md:h-[720px] relative\"\n>\n    <div class=\"max-width-container flex flex-col justify-between px-4 pb-[3.438rem] w-full h-full relative z-[1]\">\n\n                <div class=\"pusher-element\"><\/div>\n\n        <a href=\"https:\/\/solideq.com\/no\/kontakt\/\" target=_self>\n            <div class=\"w-full max-w-[400px] min-h-[186px] relative flex flex-col bg-gray-800 rounded-2xl justify-between md:max-w-0 md:w-auto md:absolute md:bottom-[6.125rem] md:right-10  p-8 md:min-w-[442px]\">\n                <div class=\"mb-[4.5rem]\">\n                    \n                                            <h3 class=\"heading-sm text-white\">Kontakt oss<\/h3>\n                                    <\/div>\n\n                <button class=\"card-button card-button--secondary\">\n                    <svg width=\"17\" height=\"14\" viewBox=\"0 0 17 14\" fill=\"none\" xmlns=\"http:\/\/www.w3.org\/2000\/svg\" class=\"\">\n    <path d=\"M2 0.146484H0V8.14648H12.5859L8.29297 12.4395L9.70718 13.8537L16.4143 7.14656L9.70718 0.439453L8.29297 1.85367L12.5858 6.14648H2V0.146484Z\"\/>\n<\/svg>\n                <\/button>\n            <\/div>\n        <\/a>\n            <\/div>\n\n    <div class=\"image-block-image w-full absolute top-[-33px]\">\n        <picture>\n                        <img decoding=\"async\" src=\"https:\/\/cdn.ohmyhosting.se\/src\/https:\/\/solideq.com\/wp-content\/uploads\/2024\/05\/d0cb32350b510eb4c5950622c539f6d0.jpeg\" class=\"w-full h-full rounded-tl-2xl rounded-tr-2xl object-cover brightness-[0.8]\" loading=\"lazy\"\/>\n        <\/picture>\n\n    <\/div>\n<\/section>\n","protected":false},"excerpt":{"rendered":"","protected":false},"author":1,"featured_media":0,"parent":0,"menu_order":0,"comment_status":"closed","ping_status":"closed","template":"page-archive.php","meta":{"_acf_changed":false,"footnotes":""},"class_list":["post-513","page","type-page","status-publish","hentry"],"acf":[],"_links":{"self":[{"href":"https:\/\/solideq.com\/no\/wp-json\/wp\/v2\/pages\/513","targetHints":{"allow":["GET"]}}],"collection":[{"href":"https:\/\/solideq.com\/no\/wp-json\/wp\/v2\/pages"}],"about":[{"href":"https:\/\/solideq.com\/no\/wp-json\/wp\/v2\/types\/page"}],"author":[{"embeddable":true,"href":"https:\/\/solideq.com\/no\/wp-json\/wp\/v2\/users\/1"}],"replies":[{"embeddable":true,"href":"https:\/\/solideq.com\/no\/wp-json\/wp\/v2\/comments?post=513"}],"version-history":[{"count":15,"href":"https:\/\/solideq.com\/no\/wp-json\/wp\/v2\/pages\/513\/revisions"}],"predecessor-version":[{"id":1993,"href":"https:\/\/solideq.com\/no\/wp-json\/wp\/v2\/pages\/513\/revisions\/1993"}],"wp:attachment":[{"href":"https:\/\/solideq.com\/no\/wp-json\/wp\/v2\/media?parent=513"}],"curies":[{"name":"wp","href":"https:\/\/api.w.org\/{rel}","templated":true}]}}