{"id":490,"date":"2024-05-08T19:10:27","date_gmt":"2024-05-08T21:10:27","guid":{"rendered":"https:\/\/solideq.com\/?page_id=490"},"modified":"2026-01-13T08:20:41","modified_gmt":"2026-01-13T10:20:41","slug":"nyheter","status":"publish","type":"page","link":"https:\/\/solideq.com\/no\/nyheter\/","title":{"rendered":"Nyheter"},"content":{"rendered":"<section data-block=\"news-listing\" class=\"pb-[4.688rem] pt-4 px-4 bg-gray-200 acf-news-listing section-border-top md:pt-16 md:pb-[8.313rem]\">\n    <div class=\"max-width-container flex flex-col\">\n        \n        <div class=\"grid grid-cols-1 gap-3 mx-auto sm:grid-cols-2 md:grid-cols-3\">\n                            <div class=\"bg-blue p-4 rounded-2xl text-white relative pb-[89px] md:pb-[96px] \">\n        <a href=\"https:\/\/solideq.com\/no\/solideq-inngar-rammeavtale-med-sts-isonor\/\" class=\"cursor-poiner relative\">\n        <div class=\"mb-4\">\n                            <img src=https:\/\/cdn.ohmyhosting.se\/src\/https:\/\/solideq.com\/wp-content\/uploads\/2024\/06\/Rectangle-67-1024x512.png class=\"object-cover w-full rounded-lg aspect-[1.5705] brightness-[0.8]\" loading=\"lazy\" \/>\n                    <\/div>\n\n        <div class=\"flex flex-col gap-4\">\n            <h3 class=\"font-medium body-xl\">Solideq inng\u00e5r rammeavtale med STS\/Isonor<\/h3>\n            <p class=\"line-clamp-2\"><\/p>\n        <\/div>\n    <\/a>\n    <a href=\"https:\/\/solideq.com\/no\/solideq-inngar-rammeavtale-med-sts-isonor\/\"\n        class=\"card-button card-button--primary\">\n        <svg width=\"17\" height=\"14\" viewBox=\"0 0 17 14\" fill=\"none\" xmlns=\"http:\/\/www.w3.org\/2000\/svg\" class=\"\">\n    <path d=\"M2 0.146484H0V8.14648H12.5859L8.29297 12.4395L9.70718 13.8537L16.4143 7.14656L9.70718 0.439453L8.29297 1.85367L12.5858 6.14648H2V0.146484Z\"\/>\n<\/svg>\n    <\/a>\n<\/div>\n\n                            <div class=\"bg-blue p-4 rounded-2xl text-white relative pb-[89px] md:pb-[96px] \">\n        <a href=\"https:\/\/solideq.com\/no\/krympeplast\/\" class=\"cursor-poiner relative\">\n        <div class=\"mb-4\">\n                            <img src=https:\/\/cdn.ohmyhosting.se\/src\/https:\/\/solideq.com\/wp-content\/uploads\/2024\/06\/bilde1.jpg class=\"object-cover w-full rounded-lg aspect-[1.5705] brightness-[0.8]\" loading=\"lazy\" \/>\n                    <\/div>\n\n        <div class=\"flex flex-col gap-4\">\n            <h3 class=\"font-medium body-xl\">KRYMPEPLAST<\/h3>\n            <p class=\"line-clamp-2\">V\u00e5re kunder har etterspurt krympeplast som tildekking p\u00e5 stillas. Krympeplast har lenge v\u00e6rt brukt innen f.eks. transport, men n\u00e5 er det ogs\u00e5 p\u00e5 full fart inn i stillasbransjen.<\/p>\n        <\/div>\n    <\/a>\n    <a href=\"https:\/\/solideq.com\/no\/krympeplast\/\"\n        class=\"card-button card-button--primary\">\n        <svg width=\"17\" height=\"14\" viewBox=\"0 0 17 14\" fill=\"none\" xmlns=\"http:\/\/www.w3.org\/2000\/svg\" class=\"\">\n    <path d=\"M2 0.146484H0V8.14648H12.5859L8.29297 12.4395L9.70718 13.8537L16.4143 7.14656L9.70718 0.439453L8.29297 1.85367L12.5858 6.14648H2V0.146484Z\"\/>\n<\/svg>\n    <\/a>\n<\/div>\n\n                            <div class=\"bg-blue p-4 rounded-2xl text-white relative pb-[89px] md:pb-[96px] \">\n        <a href=\"https:\/\/solideq.com\/no\/solideq-deltok-pa-stillasdagene-2024\/\" class=\"cursor-poiner relative\">\n        <div class=\"mb-4\">\n                            <img src=https:\/\/cdn.ohmyhosting.se\/src\/https:\/\/solideq.com\/wp-content\/uploads\/2024\/09\/Stillasdagene2024-768x1024.png class=\"object-cover w-full rounded-lg aspect-[1.5705] brightness-[0.8]\" loading=\"lazy\" \/>\n                    <\/div>\n\n        <div class=\"flex flex-col gap-4\">\n            <h3 class=\"font-medium body-xl\">Solideq deltok p\u00e5 Stillasdagene 2024<\/h3>\n            <p class=\"line-clamp-2\">Solideq er glad for \u00e5 endelig kunne delta p\u00e5 Stillasdagene igjen, et av \u00e5rets viktigste arrangementer for akt\u00f8rer i stillasbransjen. Arrangementet samlet fagfolk fra hele Norge og v\u00e5re naboland for \u00e5 diskutere bransjens utvikling, utfordringer og muligheter. <\/p>\n        <\/div>\n    <\/a>\n    <a href=\"https:\/\/solideq.com\/no\/solideq-deltok-pa-stillasdagene-2024\/\"\n        class=\"card-button card-button--primary\">\n        <svg width=\"17\" height=\"14\" viewBox=\"0 0 17 14\" fill=\"none\" xmlns=\"http:\/\/www.w3.org\/2000\/svg\" class=\"\">\n    <path d=\"M2 0.146484H0V8.14648H12.5859L8.29297 12.4395L9.70718 13.8537L16.4143 7.14656L9.70718 0.439453L8.29297 1.85367L12.5858 6.14648H2V0.146484Z\"\/>\n<\/svg>\n    <\/a>\n<\/div>\n\n                            <div class=\"bg-blue p-4 rounded-2xl text-white relative pb-[89px] md:pb-[96px] \">\n        <a href=\"https:\/\/solideq.com\/no\/solideq-finner-gode-losninger-sammen-med-ramirent\/\" class=\"cursor-poiner relative\">\n        <div class=\"mb-4\">\n                            <img src=https:\/\/cdn.ohmyhosting.se\/src\/https:\/\/solideq.com\/wp-content\/uploads\/2024\/07\/domkyrna-i-bergen.jpg class=\"object-cover w-full rounded-lg aspect-[1.5705] brightness-[0.8]\" loading=\"lazy\" \/>\n                    <\/div>\n\n        <div class=\"flex flex-col gap-4\">\n            <h3 class=\"font-medium body-xl\">SOLIDEQ FINNER GODE L\u00d8SNINGER SAMMEN MED RAMIRENT<\/h3>\n            <p class=\"line-clamp-2\">Domkirken i Bergen ble bygd p\u00e5 1100 tallet og ble rehabilitert fra 1880 til 1883. Dette er en flott kirke som er over 60 m. lang og 20 m. bred. Da kirken n\u00e5 trengte rehabilitering av taket fikk Ramirent oppdraget med stillas og tak-over-tak.<\/p>\n        <\/div>\n    <\/a>\n    <a href=\"https:\/\/solideq.com\/no\/solideq-finner-gode-losninger-sammen-med-ramirent\/\"\n        class=\"card-button card-button--primary\">\n        <svg width=\"17\" height=\"14\" viewBox=\"0 0 17 14\" fill=\"none\" xmlns=\"http:\/\/www.w3.org\/2000\/svg\" class=\"\">\n    <path d=\"M2 0.146484H0V8.14648H12.5859L8.29297 12.4395L9.70718 13.8537L16.4143 7.14656L9.70718 0.439453L8.29297 1.85367L12.5858 6.14648H2V0.146484Z\"\/>\n<\/svg>\n    <\/a>\n<\/div>\n\n                            <div class=\"bg-blue p-4 rounded-2xl text-white relative pb-[89px] md:pb-[96px] \">\n        <a href=\"https:\/\/solideq.com\/no\/solideq-ble-valgt-som-leverandor\/\" class=\"cursor-poiner relative\">\n        <div class=\"mb-4\">\n                            <img src=https:\/\/cdn.ohmyhosting.se\/src\/https:\/\/solideq.com\/wp-content\/uploads\/2024\/07\/20210302-042A3214-1024x683.jpg class=\"object-cover w-full rounded-lg aspect-[1.5705] brightness-[0.8]\" loading=\"lazy\" \/>\n                    <\/div>\n\n        <div class=\"flex flex-col gap-4\">\n            <h3 class=\"font-medium body-xl\">SOLIDEQ BLE VALGT SOM LEVERAND\u00d8R<\/h3>\n            <p class=\"line-clamp-2\">\u00d8yvind M\u00f8ller er gr\u00fcnder og daglig leder i Sogn Stillas og Sikring AS. F\u00f8rste hele drifts\u00e5r var i 2020 med en omsetning p\u00e5 kr. 2,2 mill. I 2021 var omsetningen mer enn doblet og endte p\u00e5 kr. 5,3 mill.<\/p>\n        <\/div>\n    <\/a>\n    <a href=\"https:\/\/solideq.com\/no\/solideq-ble-valgt-som-leverandor\/\"\n        class=\"card-button card-button--primary\">\n        <svg width=\"17\" height=\"14\" viewBox=\"0 0 17 14\" fill=\"none\" xmlns=\"http:\/\/www.w3.org\/2000\/svg\" class=\"\">\n    <path d=\"M2 0.146484H0V8.14648H12.5859L8.29297 12.4395L9.70718 13.8537L16.4143 7.14656L9.70718 0.439453L8.29297 1.85367L12.5858 6.14648H2V0.146484Z\"\/>\n<\/svg>\n    <\/a>\n<\/div>\n\n                            <div class=\"bg-blue p-4 rounded-2xl text-white relative pb-[89px] md:pb-[96px] \">\n        <a href=\"https:\/\/solideq.com\/no\/pal-h-stunner-daglig-leder-i-solideq-as\/\" class=\"cursor-poiner relative\">\n        <div class=\"mb-4\">\n                            <img src=https:\/\/cdn.ohmyhosting.se\/src\/https:\/\/solideq.com\/wp-content\/uploads\/2024\/06\/DSC08726-1024x683.jpg class=\"object-cover w-full rounded-lg aspect-[1.5705] brightness-[0.8]\" loading=\"lazy\" \/>\n                    <\/div>\n\n        <div class=\"flex flex-col gap-4\">\n            <h3 class=\"font-medium body-xl\">P\u00c5L H. STUNNER DAGLIG LEDER I SOLIDEQ AS<\/h3>\n            <p class=\"line-clamp-2\">P\u00e5l H. Stunner tar over som daglig leder i Solideq AS. Han overtar stillingen etter Ivar Strand, som trer inn i konsernstilling som forretningsutvikler.<\/p>\n        <\/div>\n    <\/a>\n    <a href=\"https:\/\/solideq.com\/no\/pal-h-stunner-daglig-leder-i-solideq-as\/\"\n        class=\"card-button card-button--primary\">\n        <svg width=\"17\" height=\"14\" viewBox=\"0 0 17 14\" fill=\"none\" xmlns=\"http:\/\/www.w3.org\/2000\/svg\" class=\"\">\n    <path d=\"M2 0.146484H0V8.14648H12.5859L8.29297 12.4395L9.70718 13.8537L16.4143 7.14656L9.70718 0.439453L8.29297 1.85367L12.5858 6.14648H2V0.146484Z\"\/>\n<\/svg>\n    <\/a>\n<\/div>\n\n                            <div class=\"bg-blue p-4 rounded-2xl text-white relative pb-[89px] md:pb-[96px] \">\n        <a href=\"https:\/\/solideq.com\/no\/viser-nyheter-pa-bygg-reis-deg\/\" class=\"cursor-poiner relative\">\n        <div class=\"mb-4\">\n                            <img src=https:\/\/cdn.ohmyhosting.se\/src\/https:\/\/solideq.com\/wp-content\/uploads\/2024\/07\/Arbetsbild-om-oss-1024x938.jpg class=\"object-cover w-full rounded-lg aspect-[1.5705] brightness-[0.8]\" loading=\"lazy\" \/>\n                    <\/div>\n\n        <div class=\"flex flex-col gap-4\">\n            <h3 class=\"font-medium body-xl\">VISER NYHETER P\u00c5 BYGG REIS DEG<\/h3>\n            <p class=\"line-clamp-2\">Solideq har ogs\u00e5 denne gangen valgt \u00e5 delta p\u00e5 Bygg Reis Deg messen p\u00e5 Lillestr\u00f8m.<\/p>\n        <\/div>\n    <\/a>\n    <a href=\"https:\/\/solideq.com\/no\/viser-nyheter-pa-bygg-reis-deg\/\"\n        class=\"card-button card-button--primary\">\n        <svg width=\"17\" height=\"14\" viewBox=\"0 0 17 14\" fill=\"none\" xmlns=\"http:\/\/www.w3.org\/2000\/svg\" class=\"\">\n    <path d=\"M2 0.146484H0V8.14648H12.5859L8.29297 12.4395L9.70718 13.8537L16.4143 7.14656L9.70718 0.439453L8.29297 1.85367L12.5858 6.14648H2V0.146484Z\"\/>\n<\/svg>\n    <\/a>\n<\/div>\n\n                    <\/div>\n\n            <\/div>\n<\/section>\n","protected":false},"excerpt":{"rendered":"","protected":false},"author":1,"featured_media":1436,"parent":0,"menu_order":0,"comment_status":"closed","ping_status":"closed","template":"page-archive.php","meta":{"_acf_changed":false,"footnotes":""},"class_list":["post-490","page","type-page","status-publish","has-post-thumbnail","hentry"],"acf":[],"_links":{"self":[{"href":"https:\/\/solideq.com\/no\/wp-json\/wp\/v2\/pages\/490","targetHints":{"allow":["GET"]}}],"collection":[{"href":"https:\/\/solideq.com\/no\/wp-json\/wp\/v2\/pages"}],"about":[{"href":"https:\/\/solideq.com\/no\/wp-json\/wp\/v2\/types\/page"}],"author":[{"embeddable":true,"href":"https:\/\/solideq.com\/no\/wp-json\/wp\/v2\/users\/1"}],"replies":[{"embeddable":true,"href":"https:\/\/solideq.com\/no\/wp-json\/wp\/v2\/comments?post=490"}],"version-history":[{"count":10,"href":"https:\/\/solideq.com\/no\/wp-json\/wp\/v2\/pages\/490\/revisions"}],"predecessor-version":[{"id":1968,"href":"https:\/\/solideq.com\/no\/wp-json\/wp\/v2\/pages\/490\/revisions\/1968"}],"wp:featuredmedia":[{"embeddable":true,"href":"https:\/\/solideq.com\/no\/wp-json\/wp\/v2\/media\/1436"}],"wp:attachment":[{"href":"https:\/\/solideq.com\/no\/wp-json\/wp\/v2\/media?parent=490"}],"curies":[{"name":"wp","href":"https:\/\/api.w.org\/{rel}","templated":true}]}}