{"id":486,"date":"2024-05-08T19:09:47","date_gmt":"2024-05-08T21:09:47","guid":{"rendered":"https:\/\/solideq.com\/?page_id=486"},"modified":"2026-01-13T07:39:35","modified_gmt":"2026-01-13T09:39:35","slug":"referanser","status":"publish","type":"page","link":"https:\/\/solideq.com\/no\/referanser\/","title":{"rendered":"Referanser"},"content":{"rendered":"<section data-block=\"marquee\" class=\"section-border-top pt-12 pb-[4.313rem] md:pt-[3.25rem] bg-gray-200\">\n    <div class=\"max-width-container flex flex-row-reverse px-4 md:px-12 md:pr-[9.813rem]\">\n        <div class=\"max-w-[670px]\">\n            \n                            <p class=\"body-lg mb-6 md:mb-7\">Gjennom \u00e5rene har vi f\u00e5tt tilliten til \u00e5 bidra til sikrere arbeidsplasser i ulike bransjer. Du finner v\u00e5re stillas, fallbeskyttelse og v\u00e6rbeskyttelsessystemer p\u00e5 byggeplasser, kraftverk, skipsverft, industrianlegg og olje- og gassanlegg. Her er noen prosjekter vi er spesielt stolte av.<\/p>\n            \n                    <\/div>\n    <\/div>\n\n    <div class=\"marquee-container mt-12 md:mt-[6rem]\">\n        <div class=\"marquee-content scroll\">\n                        <img src=https:\/\/cdn.ohmyhosting.se\/src\/https:\/\/solideq.com\/wp-content\/uploads\/2024\/06\/BeerenbergLOGO_reversed-1024x510.png alt=F\u00f6retagslogga class=\"h-20 w-[150px] object-contain object-center\" \/>\n                        <img src=https:\/\/cdn.ohmyhosting.se\/src\/https:\/\/solideq.com\/wp-content\/uploads\/2024\/06\/BG-logo-scaled-1-1024x768.jpg alt=F\u00f6retagslogga class=\"h-20 w-[150px] object-contain object-center\" \/>\n                        <img src=https:\/\/cdn.ohmyhosting.se\/src\/https:\/\/solideq.com\/wp-content\/uploads\/2024\/06\/isonor-logo-1024x338.jpg alt=F\u00f6retagslogga class=\"h-20 w-[150px] object-contain object-center\" \/>\n                        <img src=https:\/\/cdn.ohmyhosting.se\/src\/https:\/\/solideq.com\/wp-content\/uploads\/2024\/06\/linjebygg_logo.jpeg alt=F\u00f6retagslogga class=\"h-20 w-[150px] object-contain object-center\" \/>\n                        <img src=https:\/\/cdn.ohmyhosting.se\/src\/https:\/\/solideq.com\/wp-content\/uploads\/2024\/06\/kaefer-logo.png alt=F\u00f6retagslogga class=\"h-20 w-[150px] object-contain object-center\" \/>\n                        <img src=https:\/\/cdn.ohmyhosting.se\/src\/https:\/\/solideq.com\/wp-content\/uploads\/2024\/06\/Oslo-stillasutleie-logo.png alt=F\u00f6retagslogga class=\"h-20 w-[150px] object-contain object-center\" \/>\n                        <img src=https:\/\/cdn.ohmyhosting.se\/src\/https:\/\/solideq.com\/wp-content\/uploads\/2024\/06\/Logo-Brenden-Stillas.png alt=F\u00f6retagslogga class=\"h-20 w-[150px] object-contain object-center\" \/>\n                        <img src=https:\/\/cdn.ohmyhosting.se\/src\/https:\/\/solideq.com\/wp-content\/uploads\/2024\/06\/ramirent_logo.avif alt=F\u00f6retagslogga class=\"h-20 w-[150px] object-contain object-center\" \/>\n                    <\/div>\n        <div class=\"marquee-content scroll\">\n                        <img src=https:\/\/cdn.ohmyhosting.se\/src\/https:\/\/solideq.com\/wp-content\/uploads\/2024\/06\/BeerenbergLOGO_reversed-1024x510.png alt=F\u00f6retagslogga class=\"h-20 w-[150px] object-contain object-center\" \/>\n                        <img src=https:\/\/cdn.ohmyhosting.se\/src\/https:\/\/solideq.com\/wp-content\/uploads\/2024\/06\/BG-logo-scaled-1-1024x768.jpg alt=F\u00f6retagslogga class=\"h-20 w-[150px] object-contain object-center\" \/>\n                        <img src=https:\/\/cdn.ohmyhosting.se\/src\/https:\/\/solideq.com\/wp-content\/uploads\/2024\/06\/isonor-logo-1024x338.jpg alt=F\u00f6retagslogga class=\"h-20 w-[150px] object-contain object-center\" \/>\n                        <img src=https:\/\/cdn.ohmyhosting.se\/src\/https:\/\/solideq.com\/wp-content\/uploads\/2024\/06\/linjebygg_logo.jpeg alt=F\u00f6retagslogga class=\"h-20 w-[150px] object-contain object-center\" \/>\n                        <img src=https:\/\/cdn.ohmyhosting.se\/src\/https:\/\/solideq.com\/wp-content\/uploads\/2024\/06\/kaefer-logo.png alt=F\u00f6retagslogga class=\"h-20 w-[150px] object-contain object-center\" \/>\n                        <img src=https:\/\/cdn.ohmyhosting.se\/src\/https:\/\/solideq.com\/wp-content\/uploads\/2024\/06\/Oslo-stillasutleie-logo.png alt=F\u00f6retagslogga class=\"h-20 w-[150px] object-contain object-center\" \/>\n                        <img src=https:\/\/cdn.ohmyhosting.se\/src\/https:\/\/solideq.com\/wp-content\/uploads\/2024\/06\/Logo-Brenden-Stillas.png alt=F\u00f6retagslogga class=\"h-20 w-[150px] object-contain object-center\" \/>\n                        <img src=https:\/\/cdn.ohmyhosting.se\/src\/https:\/\/solideq.com\/wp-content\/uploads\/2024\/06\/ramirent_logo.avif alt=F\u00f6retagslogga class=\"h-20 w-[150px] object-contain object-center\" \/>\n                    <\/div>\n    <\/div>\n<\/section>\n\n\n<section\n  data-block=\"image\"\n  class=\"acf-image h-[594px] md:h-[720px] relative\"\n>\n    <div class=\"max-width-container flex flex-col justify-between px-4 pb-[3.438rem] w-full h-full relative z-[1]\">\n\n                <div class=\"pusher-element\"><\/div>\n\n        <a href=\"https:\/\/solideq.com\/no\/case\/ramirent-bergen-domkirke\/\" target=_self>\n            <div class=\"w-full max-w-[400px] min-h-[186px] relative flex flex-col bg-gray-800 rounded-2xl justify-between md:max-w-0 md:w-auto md:absolute md:bottom-[6.125rem] md:left-10  p-8 md:min-w-[442px]\">\n                <div class=\"mb-[4.5rem]\">\n                                            <div class=\"bg-black rounded-lg px-4 inline-block mb-3 capitalize\">\n                            <span class=\"body-md text-white\">Case<\/span>\n                        <\/div>\n                    \n                                            <h3 class=\"heading-sm text-white\">Referanse 1: Vi hjalp Ramirent med tak-over-tak-l\u00f8sninger under renoveringen av domkirken i Bergen.<\/h3>\n                                    <\/div>\n\n                <button class=\"card-button card-button--secondary\">\n                    <svg width=\"17\" height=\"14\" viewBox=\"0 0 17 14\" fill=\"none\" xmlns=\"http:\/\/www.w3.org\/2000\/svg\" class=\"\">\n    <path d=\"M2 0.146484H0V8.14648H12.5859L8.29297 12.4395L9.70718 13.8537L16.4143 7.14656L9.70718 0.439453L8.29297 1.85367L12.5858 6.14648H2V0.146484Z\"\/>\n<\/svg>\n                <\/button>\n            <\/div>\n        <\/a>\n            <\/div>\n\n    <div class=\"image-block-image w-full absolute top-[-33px]\">\n        <picture>\n                        <img decoding=\"async\" src=\"https:\/\/cdn.ohmyhosting.se\/src\/https:\/\/solideq.com\/wp-content\/uploads\/2024\/06\/Rectangle-88-1024x514.png\" class=\"w-full h-full rounded-tl-2xl rounded-tr-2xl object-cover brightness-[0.8]\" loading=\"lazy\"\/>\n        <\/picture>\n\n    <\/div>\n<\/section>\n\n\n<section\n    id=\"post-grid\"\n    data-page-id=\"486\"\n    class=\"acf-post-grid section-border-top bg-black py-[3.25rem] pb-[7.5rem] px-4 md:px-10 md:pb-[8rem]\"\n>\n    <div class=\"w-full max-width-container\">\n                    <h2 class=\"heading-lg text-white mb-5 md:mb-10\">Alle caser<\/h2>\n        \n        <div class=\"post-grid-posts grid md:grid-cols-2 gap-4 md:gap-4\">\n                    <\/div>\n        <div class=\"load-more-btn-container flex justify-center mt-12 \">\n            <button class=\"post-grid-load-more-btn py-[20px] px-[44px] inline-flex items-center rounded label-md overflow-hidden relative button-variant-primary button-color-white\">\n                <span class=\"label-md\">Ladda in fler<\/span>\n            <\/button>\n        <\/div>\n    <\/div>\n<\/section>\n\n\n\n\n<section\n  data-block=\"image\"\n  class=\"acf-image h-[594px] md:h-[720px] relative\"\n>\n    <div class=\"max-width-container flex flex-col justify-between px-4 pb-[3.438rem] w-full h-full relative z-[1]\">\n\n                <div class=\"pusher-element\"><\/div>\n\n        <a href=\"https:\/\/solideq.com\/no\/kontakt\/\" target=_self>\n            <div class=\"w-full max-w-[400px] min-h-[186px] relative flex flex-col bg-gray-800 rounded-2xl justify-between md:max-w-0 md:w-auto md:absolute md:bottom-[6.125rem] md:right-10  p-8 md:min-w-[442px]\">\n                <div class=\"mb-[4.5rem]\">\n                    \n                                            <h3 class=\"heading-sm text-white\">Kontakt oss<\/h3>\n                                    <\/div>\n\n                <button class=\"card-button card-button--secondary\">\n                    <svg width=\"17\" height=\"14\" viewBox=\"0 0 17 14\" fill=\"none\" xmlns=\"http:\/\/www.w3.org\/2000\/svg\" class=\"\">\n    <path d=\"M2 0.146484H0V8.14648H12.5859L8.29297 12.4395L9.70718 13.8537L16.4143 7.14656L9.70718 0.439453L8.29297 1.85367L12.5858 6.14648H2V0.146484Z\"\/>\n<\/svg>\n                <\/button>\n            <\/div>\n        <\/a>\n            <\/div>\n\n    <div class=\"image-block-image w-full absolute top-[-33px]\">\n        <picture>\n                        <img decoding=\"async\" src=\"https:\/\/cdn.ohmyhosting.se\/src\/https:\/\/solideq.com\/wp-content\/uploads\/2024\/06\/Rectangle-88-1024x514.png\" class=\"w-full h-full rounded-tl-2xl rounded-tr-2xl object-cover brightness-[0.8]\" loading=\"lazy\"\/>\n        <\/picture>\n\n    <\/div>\n<\/section>\n","protected":false},"excerpt":{"rendered":"","protected":false},"author":1,"featured_media":0,"parent":0,"menu_order":0,"comment_status":"closed","ping_status":"closed","template":"page-archive.php","meta":{"_acf_changed":false,"footnotes":""},"class_list":["post-486","page","type-page","status-publish","hentry"],"acf":[],"_links":{"self":[{"href":"https:\/\/solideq.com\/no\/wp-json\/wp\/v2\/pages\/486","targetHints":{"allow":["GET"]}}],"collection":[{"href":"https:\/\/solideq.com\/no\/wp-json\/wp\/v2\/pages"}],"about":[{"href":"https:\/\/solideq.com\/no\/wp-json\/wp\/v2\/types\/page"}],"author":[{"embeddable":true,"href":"https:\/\/solideq.com\/no\/wp-json\/wp\/v2\/users\/1"}],"replies":[{"embeddable":true,"href":"https:\/\/solideq.com\/no\/wp-json\/wp\/v2\/comments?post=486"}],"version-history":[{"count":12,"href":"https:\/\/solideq.com\/no\/wp-json\/wp\/v2\/pages\/486\/revisions"}],"predecessor-version":[{"id":1953,"href":"https:\/\/solideq.com\/no\/wp-json\/wp\/v2\/pages\/486\/revisions\/1953"}],"wp:attachment":[{"href":"https:\/\/solideq.com\/no\/wp-json\/wp\/v2\/media?parent=486"}],"curies":[{"name":"wp","href":"https:\/\/api.w.org\/{rel}","templated":true}]}}