{"id":482,"date":"2024-05-08T19:09:17","date_gmt":"2024-05-08T21:09:17","guid":{"rendered":"https:\/\/solideq.com\/?page_id=482"},"modified":"2026-01-13T08:07:09","modified_gmt":"2026-01-13T10:07:09","slug":"kontakt","status":"publish","type":"page","link":"https:\/\/solideq.com\/no\/kontakt\/","title":{"rendered":"Kontakt"},"content":{"rendered":"<section data-block=\"contact-cards\" class=\" section-border-top py-16 px-4 bg-gray-200 acf-contact-cards\">\n    <div\n        class=\"max-width-container flex flex-col gap-8 pb-8 sm:justify-start sm:pb-20 lg:flex-row lg:pr-[9.688rem] lg:justify-between lg:items-center\">\n        <div class=\"max-w-[470px] w-full\">\n            <div class=\"flex w-full px-6 pt-12 pb-8 bg-white rounded-2xl\">\n    <div class=\"wysiwyg\"><h3>Solideq AS<\/h3>\n<p>Storebotn 73<br \/>\n5300 Kleppest\u00f8<br \/>\nTel:\u00a0<a href=\"tel:+47 62 40 01 11\">+47 62 40 01 11<\/a><br \/>\nE-post: <a href=\"mailto:mail@solideq.no\">post@solideq.no<\/a><\/p>\n<\/div>\n<\/div>\n        <\/div>\n        <div class=\"flex items-start lg:justify-center lg:pl-8\">\n            <p class=\"max-w-[670px] body-xl\">Trenger du et byggstillas, v\u00e6rbeskyttelse eller en r\u00e5dgiver som kan gi deg tips om hvordan du skaper en tryggere arbeidsplass? Du er hjertelig velkommen til \u00e5 kontakte oss i Solideq eller noen av v\u00e5re datterselskaper.<br \/>\r\n<\/p>\n        <\/div>\n    <\/div>\n            <div\n            class=\"grid items-center grid-cols-1 gap-4 pb-20 justify-items-center sm:justify-items-start sm:grid-cols-2 md:grid-cols-3 max-width-container\">\n                            <div class=\"flex w-full px-6 pt-12 pb-8 bg-white rounded-2xl\">\n    <div class=\"wysiwyg\"><h3>Solideq AS &#8211; Oslo<\/h3>\n<p>Trondheimsveien 503<br \/>\n2016 FROGNER<br \/>\nTel: <a href=\"tel:+47 62 40 01 11\">+47 62 40 01 11<\/a><br \/>\nE-post: <a href=\"mailto:mail@solideq.no\">post@solideq.no<\/a><\/p>\n<h3><\/h3>\n<\/div>\n<\/div>\n                            <div class=\"flex w-full px-6 pt-12 pb-8 bg-white rounded-2xl\">\n    <div class=\"wysiwyg\"><h3>Solideq Group AB<\/h3>\n<p>G\u00f6sta Berlingsv\u00e4g 55<br \/>\n691 38 Karlskoga<br \/>\nTel:\u00a0<a href=\"tel:+46 0586-53 000\">+46 0586-53 000<\/a><br \/>\nE-post:\u00a0<a href=\"mailto:mail@solideq.se\">mail@solideq.se<\/a><\/p>\n<\/div>\n<\/div>\n                            <div class=\"flex w-full px-6 pt-12 pb-8 bg-white rounded-2xl\">\n    <div class=\"wysiwyg\"><h3>Solideq Oy<\/h3>\n<p>G\u00f6sta Berlingsv\u00e4g 55<br \/>\n691 38 Karlskoga<br \/>\nTel: <a href=\"tel:+358 2\u00a0724 9350\">+358 2\u00a0724 9350<\/a><br \/>\nE-post: <a href=\"mailto:mail@solideq.fi\">mail@solideq.fi<\/a><\/p>\n<\/div>\n<\/div>\n                    <\/div>\n    <\/section>\n\n\n<section data-block=\"contact-form-and-image\" class=\"acf-contact-form-and-image relative h-[900px] z-0 sm:h-[720px] md:pb-[7.313rem]\">\n    <div class=\"contact-form-image absolute top-[-33px] w-full\">\n        <img decoding=\"async\"\n            src=\"https:\/\/cdn.ohmyhosting.se\/src\/https:\/\/solideq.com\/wp-content\/uploads\/2024\/06\/Rectangle-67.png\"\n            class=\"absolute inset-0 w-full h-full object-cover rounded-[32px_32px_0px_0px] z-20 brightness-[0.8]\"\n            loading=\"lazy\"\n        >\n    <\/div>\n\n    <div class=\"max-width-container relative z-30 flex items-center justify-end h-full p-4 md:p-10 lg:justify-end \">\n        <div class=\"bg-white w-[577px] rounded-2xl px-4 pt-7 py-16 relative mt-28 md:px-9 md:pt-9\">\n            <h2 class=\"text-black heading-sm text-[24px] mb-8 md:mb-12\">Vil du ha et tilbud?<\/h2>\n            <div class=\"w-full contact-form\">\n                \n<div class=\"wpcf7 no-js\" id=\"wpcf7-f922-o1\" lang=\"nb-NO\" dir=\"ltr\">\n<div class=\"screen-reader-response\"><p role=\"status\" aria-live=\"polite\" aria-atomic=\"true\"><\/p> <ul><\/ul><\/div>\n<form action=\"\/no\/wp-json\/wp\/v2\/pages\/482#wpcf7-f922-o1\" method=\"post\" class=\"wpcf7-form init\" aria-label=\"Contact form\" novalidate=\"novalidate\" data-status=\"init\">\n<div style=\"display: none;\">\n<input type=\"hidden\" name=\"_wpcf7\" value=\"922\" \/>\n<input type=\"hidden\" name=\"_wpcf7_version\" value=\"5.9.8\" \/>\n<input type=\"hidden\" name=\"_wpcf7_locale\" value=\"nb_NO\" \/>\n<input type=\"hidden\" name=\"_wpcf7_unit_tag\" value=\"wpcf7-f922-o1\" \/>\n<input type=\"hidden\" name=\"_wpcf7_container_post\" value=\"0\" \/>\n<input type=\"hidden\" name=\"_wpcf7_posted_data_hash\" value=\"\" \/>\n<\/div>\n<p><span class=\"wpcf7-form-control-wrap\" data-name=\"your-name\"><input size=\"40\" maxlength=\"400\" class=\"wpcf7-form-control wpcf7-text wpcf7-validates-as-required\" autocomplete=\"name\" aria-required=\"true\" aria-invalid=\"false\" placeholder=\"Navn\" value=\"\" type=\"text\" name=\"your-name\" \/><\/span><br \/>\n<span class=\"wpcf7-form-control-wrap\" data-name=\"your-email\"><input size=\"40\" maxlength=\"400\" class=\"wpcf7-form-control wpcf7-email wpcf7-validates-as-required wpcf7-text wpcf7-validates-as-email\" autocomplete=\"email\" aria-required=\"true\" aria-invalid=\"false\" placeholder=\"E-post\" value=\"\" type=\"email\" name=\"your-email\" \/><\/span><br \/>\n<span class=\"wpcf7-form-control-wrap\" data-name=\"your-message\"><textarea cols=\"40\" rows=\"4\" maxlength=\"2000\" class=\"wpcf7-form-control wpcf7-textarea\" aria-invalid=\"false\" placeholder=\"Melding\" name=\"your-message\"><\/textarea><\/span><br \/>\n<button class=\"submit-button\" type=\"submit\"><br \/>\n<input class=\"wpcf7-form-control wpcf7-submit has-spinner\" type=\"submit\" value=\"Send\" \/><svg xmlns=\"http:\/\/www.w3.org\/2000\/svg\" width=\"17\" height=\"14\" viewBox=\"0 0 17 14\" fill=\"none\"><path d=\"M2 0H0V8H12.5859L8.29297 12.293L9.70718 13.7072L16.4143 7.00008L9.70718 0.292969L8.29297 1.70718L12.5858 6H2V0Z\" fill=\"white\"\/><\/svg><br \/>\n<\/button>\n<\/p><div class=\"wpcf7-response-output\" aria-hidden=\"true\"><\/div>\n<\/form>\n<\/div>\n            <\/div>\n        <\/div>\n    <\/div>\n<\/section>\n\n\n<section data-block=\"staff\" class=\"acf-staff section-border-top pt-10 pb-[7rem] md:pt-[5.875rem] md:pb-[12.688rem] bg-dark-red\">\n    <div class=\"max-width-container flex flex-col items-start justify-start px-4 md:px-9\">\n                    <h2 class=\"uppercase heading-lg mb-6 md:pl-[5.313rem] md:mb-[3.5rem] lg:pl-[7.313rem] text-gray-200\">Kontakt oss<\/h2>\n                <div class=\"grid grid-cols-1 gap-5 w-full sm:grid-cols-2 md:grid-cols-3 lg:grid-cols-4\">\n                            <div class=\"flex flex-col p-4 bg-gray-200 rounded-2xl \">\n        <img decoding=\"async\" src=\"https:\/\/cdn.ohmyhosting.se\/src\/https:\/\/solideq.com\/wp-content\/uploads\/2024\/06\/pa-l-h-stunner-e1727339672266-904x1024.png\" class=\"rounded-lg object-cover mb-4 brightness-[0.8] aspect-[1.1341]\" loading=\"lazy\"\/>\n    <div class=\"flex flex-col pb-1 gap-y-1 body-lg space-y-1\">\n        <h3 class=\"font-medium heading-sm text-black\">P\u00e5l Hetland Stunner<\/h3>\n        <p class=\"text-black\">Daglig leder<\/p>\n        <a href=\"tel:+47 454 76 495\" class=\"hover:underline text-black\">+47 454 76 495<\/a>\n        <a href=\"mailto:pal.stunner@solideq.no\" class=\"hover:underline text-black\">pal.stunner@solideq.no<\/a>\n    <\/div>\n<\/div>\n                            <div class=\"flex flex-col p-4 bg-gray-200 rounded-2xl \">\n        <img decoding=\"async\" src=\"\/assets\/img\/staff-placeholder.png\" class=\"rounded-lg object-cover mb-4 aspect-[1.1341]\" loading=\"lazy\"\/>\n    <div class=\"flex flex-col pb-1 gap-y-1 body-lg space-y-1\">\n        <h3 class=\"font-medium heading-sm text-black\">Morten Stunner<\/h3>\n        <p class=\"text-black\">Salgssjef eksport \/ offshore<\/p>\n        <a href=\"tel:+47 909 45 210\" class=\"hover:underline text-black\">+47 909 45 210<\/a>\n        <a href=\"mailto:morten.stunner@solideq.no\" class=\"hover:underline text-black\">morten.stunner@solideq.no<\/a>\n    <\/div>\n<\/div>\n                            <div class=\"flex flex-col p-4 bg-gray-200 rounded-2xl \">\n        <img decoding=\"async\" src=\"https:\/\/cdn.ohmyhosting.se\/src\/https:\/\/solideq.com\/wp-content\/uploads\/2024\/05\/Ken-Tommy-bilde-scaled-e1726734432916-998x1024.jpg\" class=\"rounded-lg object-cover mb-4 brightness-[0.8] aspect-[1.1341]\" loading=\"lazy\"\/>\n    <div class=\"flex flex-col pb-1 gap-y-1 body-lg space-y-1\">\n        <h3 class=\"font-medium heading-sm text-black\">Ken Tommy Fromreide<\/h3>\n        <p class=\"text-black\">KAM Vestlandet<\/p>\n        <a href=\"tel:+47 918 07 445\" class=\"hover:underline text-black\">+47 918 07 445<\/a>\n        <a href=\"mailto:ken.tommy.fromreide@solideq.no\" class=\"hover:underline text-black\">ken.tommy.fromreide@solideq.no<\/a>\n    <\/div>\n<\/div>\n                            <div class=\"flex flex-col p-4 bg-gray-200 rounded-2xl \">\n        <img decoding=\"async\" src=\"https:\/\/cdn.ohmyhosting.se\/src\/https:\/\/solideq.com\/wp-content\/uploads\/2024\/12\/Helge2-2.png\" class=\"rounded-lg object-cover mb-4 brightness-[0.8] aspect-[1.1341]\" loading=\"lazy\"\/>\n    <div class=\"flex flex-col pb-1 gap-y-1 body-lg space-y-1\">\n        <h3 class=\"font-medium heading-sm text-black\">Helge Andreassen<\/h3>\n        <p class=\"text-black\">Senior ingeni\u00f8r<\/p>\n        <a href=\"tel:+47 995 26 477\" class=\"hover:underline text-black\">+47 995 26 477<\/a>\n        <a href=\"mailto:helge.andreassen@solideq.no\" class=\"hover:underline text-black\">helge.andreassen@solideq.no<\/a>\n    <\/div>\n<\/div>\n                            <div class=\"flex flex-col p-4 bg-gray-200 rounded-2xl \">\n        <img decoding=\"async\" src=\"https:\/\/cdn.ohmyhosting.se\/src\/https:\/\/solideq.com\/wp-content\/uploads\/2024\/11\/Kjetil-Berndtsson--scaled-e1731067921935-844x1024.jpg\" class=\"rounded-lg object-cover mb-4 brightness-[0.8] aspect-[1.1341]\" loading=\"lazy\"\/>\n    <div class=\"flex flex-col pb-1 gap-y-1 body-lg space-y-1\">\n        <h3 class=\"font-medium heading-sm text-black\">Kjetil Berndtsson<\/h3>\n        <p class=\"text-black\">Leder Teknisk avdeling<\/p>\n        <a href=\"tel:+47 412 01 234\" class=\"hover:underline text-black\">+47 412 01 234<\/a>\n        <a href=\"mailto:kjetil.berndtsson@solideq.no\" class=\"hover:underline text-black\">kjetil.berndtsson@solideq.no<\/a>\n    <\/div>\n<\/div>\n                            <div class=\"flex flex-col p-4 bg-gray-200 rounded-2xl \">\n        <img decoding=\"async\" src=\"https:\/\/cdn.ohmyhosting.se\/src\/https:\/\/solideq.com\/wp-content\/uploads\/2024\/12\/Tommy2.png\" class=\"rounded-lg object-cover mb-4 brightness-[0.8] aspect-[1.1341]\" loading=\"lazy\"\/>\n    <div class=\"flex flex-col pb-1 gap-y-1 body-lg space-y-1\">\n        <h3 class=\"font-medium heading-sm text-black\">Tommy Rasmussen<\/h3>\n        <p class=\"text-black\">BIM ingeni\u00f8r<\/p>\n        <a href=\"tel:+47 909 52 443\" class=\"hover:underline text-black\">+47 909 52 443<\/a>\n        <a href=\"mailto:tommy.rasmussen@solideq.no\" class=\"hover:underline text-black\">tommy.rasmussen@solideq.no<\/a>\n    <\/div>\n<\/div>\n                            <div class=\"flex flex-col p-4 bg-gray-200 rounded-2xl \">\n        <img decoding=\"async\" src=\"https:\/\/cdn.ohmyhosting.se\/src\/https:\/\/solideq.com\/wp-content\/uploads\/2024\/12\/Christer-Hauan-2.png\" class=\"rounded-lg object-cover mb-4 brightness-[0.8] aspect-[1.1341]\" loading=\"lazy\"\/>\n    <div class=\"flex flex-col pb-1 gap-y-1 body-lg space-y-1\">\n        <h3 class=\"font-medium heading-sm text-black\">Christer Hauan<\/h3>\n        <p class=\"text-black\">Lagerleder Bergen\/ Salg<\/p>\n        <a href=\"tel:+47 452 22 116\" class=\"hover:underline text-black\">+47 452 22 116<\/a>\n        <a href=\"mailto:christer.hauan@solideq.no\" class=\"hover:underline text-black\">christer.hauan@solideq.no<\/a>\n    <\/div>\n<\/div>\n                            <div class=\"flex flex-col p-4 bg-gray-200 rounded-2xl \">\n        <img decoding=\"async\" src=\"\/assets\/img\/staff-placeholder.png\" class=\"rounded-lg object-cover mb-4 aspect-[1.1341]\" loading=\"lazy\"\/>\n    <div class=\"flex flex-col pb-1 gap-y-1 body-lg space-y-1\">\n        <h3 class=\"font-medium heading-sm text-black\">Magne Ellingsen<\/h3>\n        <p class=\"text-black\">Lager Bergen<\/p>\n        <a href=\"tel:+47 907 95 340\" class=\"hover:underline text-black\">+47 907 95 340<\/a>\n        <a href=\"mailto:magne.ellingsen@solideq.no\" class=\"hover:underline text-black\">magne.ellingsen@solideq.no<\/a>\n    <\/div>\n<\/div>\n                            <div class=\"flex flex-col p-4 bg-gray-200 rounded-2xl \">\n        <img decoding=\"async\" src=\"https:\/\/cdn.ohmyhosting.se\/src\/https:\/\/solideq.com\/wp-content\/uploads\/2024\/10\/Henning-Holm-3-2-1024x969.jpg\" class=\"rounded-lg object-cover mb-4 brightness-[0.8] aspect-[1.1341]\" loading=\"lazy\"\/>\n    <div class=\"flex flex-col pb-1 gap-y-1 body-lg space-y-1\">\n        <h3 class=\"font-medium heading-sm text-black\">Henning Holm<\/h3>\n        <p class=\"text-black\">Logistikksjef Norge<\/p>\n        <a href=\"tel:+47 975 97 277\" class=\"hover:underline text-black\">+47 975 97 277<\/a>\n        <a href=\"mailto:henning.holm@solideq.no\" class=\"hover:underline text-black\">henning.holm@solideq.no<\/a>\n    <\/div>\n<\/div>\n                            <div class=\"flex flex-col p-4 bg-gray-200 rounded-2xl \">\n        <img decoding=\"async\" src=\"https:\/\/cdn.ohmyhosting.se\/src\/https:\/\/solideq.com\/wp-content\/uploads\/2024\/11\/Anders-Kjendlie-1-scaled-e1731068334785-874x1024.jpg\" class=\"rounded-lg object-cover mb-4 brightness-[0.8] aspect-[1.1341]\" loading=\"lazy\"\/>\n    <div class=\"flex flex-col pb-1 gap-y-1 body-lg space-y-1\">\n        <h3 class=\"font-medium heading-sm text-black\">Anders Kjendlie<\/h3>\n        <p class=\"text-black\">Salg<\/p>\n        <a href=\"tel:+47 975 00 319\" class=\"hover:underline text-black\">+47 975 00 319<\/a>\n        <a href=\"mailto:anders.kjendlie@solideq.no\" class=\"hover:underline text-black\">anders.kjendlie@solideq.no<\/a>\n    <\/div>\n<\/div>\n                            <div class=\"flex flex-col p-4 bg-gray-200 rounded-2xl \">\n        <img decoding=\"async\" src=\"https:\/\/cdn.ohmyhosting.se\/src\/https:\/\/solideq.com\/wp-content\/uploads\/2024\/10\/Jorgen-Sundfaer-1-scaled-e1729762771758-1024x940.jpg\" class=\"rounded-lg object-cover mb-4 brightness-[0.8] aspect-[1.1341]\" loading=\"lazy\"\/>\n    <div class=\"flex flex-col pb-1 gap-y-1 body-lg space-y-1\">\n        <h3 class=\"font-medium heading-sm text-black\">J\u00f8rgen L. Sundf\u00e6r<\/h3>\n        <p class=\"text-black\">Salg<\/p>\n        <a href=\"tel:+47 466 11 031\" class=\"hover:underline text-black\">+47 466 11 031<\/a>\n        <a href=\"mailto:jorgen.sundfaer@solideq.no\" class=\"hover:underline text-black\">jorgen.sundfaer@solideq.no<\/a>\n    <\/div>\n<\/div>\n                            <div class=\"flex flex-col p-4 bg-gray-200 rounded-2xl \">\n        <img decoding=\"async\" src=\"https:\/\/cdn.ohmyhosting.se\/src\/https:\/\/solideq.com\/wp-content\/uploads\/2024\/10\/Espen-Dyrlie-scaled-e1729762872141-1024x998.jpg\" class=\"rounded-lg object-cover mb-4 brightness-[0.8] aspect-[1.1341]\" loading=\"lazy\"\/>\n    <div class=\"flex flex-col pb-1 gap-y-1 body-lg space-y-1\">\n        <h3 class=\"font-medium heading-sm text-black\">Espen H. Dyrlie<\/h3>\n        <p class=\"text-black\">Lagerleder Oslo<\/p>\n        <a href=\"tel:+47 993 85 549\" class=\"hover:underline text-black\">+47 993 85 549<\/a>\n        <a href=\"mailto:espen.dyrlie@solideq.no\" class=\"hover:underline text-black\">espen.dyrlie@solideq.no<\/a>\n    <\/div>\n<\/div>\n                    <\/div>\n    <\/div>\n<\/section>\n\n\n<section class=\"section-border-top bg-blue\">\n    <div class=\"max-width-container text-graphic-flex-container  body-xl px-4 pb-[5.19rem] text-white md:pt-[35px] md:px-10\">\n        <div class=\"content-col mb-8 md:w-[45%] md:pl-12 md:flex md:flex-col md:justify-center \">\n            <h2 class=\"heading-lg my-3 md:max-w-[440px]\">Her finnes vi<\/h2>\n            <p class=\"mb-4 md:max-w-[440px] md:mb-6\">V\u00e5re avdelinger finner du p\u00e5 Frogner nord for Oslo og Kleppest\u00f8 i Bergen. Solideqs hovedkontor ligger i Karlskoga.<br \/>\r\n<br \/>\r\nDu er hjertelig velkommen til \u00e5 ta kontakt!<\/p>\n\n                    <\/div>\n\n        <div class=\"img-col flex items-center md:w-[55%] overflow-hidden\">\n                            <img decoding=\"async\" src=\"https:\/\/cdn.ohmyhosting.se\/src\/https:\/\/solideq.com\/wp-content\/uploads\/2024\/05\/Rectangle-69.png\" class=\"rounded-[16px] w-full brightness-[0.8] aspect-square object-cover\" loading=\"lazy\" \/>\n                    <\/div>\n    <\/div>\n\n<\/section>\n\n<section\n  data-block=\"image\"\n  class=\"acf-image h-[594px] md:h-[720px] relative\"\n>\n    <div class=\"max-width-container flex flex-col justify-between px-4 pb-[3.438rem] w-full h-full relative z-[1]\">\n\n            <\/div>\n\n    <div class=\"image-block-image w-full absolute top-[-33px]\">\n        <picture>\n                        <img decoding=\"async\" src=\"https:\/\/cdn.ohmyhosting.se\/src\/https:\/\/solideq.com\/wp-content\/uploads\/2024\/05\/d0cb32350b510eb4c5950622c539f6d0.jpeg\" class=\"w-full h-full rounded-tl-2xl rounded-tr-2xl object-cover brightness-[0.8]\" loading=\"lazy\"\/>\n        <\/picture>\n\n    <\/div>\n<\/section>\n","protected":false},"excerpt":{"rendered":"","protected":false},"author":1,"featured_media":0,"parent":0,"menu_order":0,"comment_status":"closed","ping_status":"closed","template":"page-archive.php","meta":{"_acf_changed":false,"footnotes":""},"class_list":["post-482","page","type-page","status-publish","hentry"],"acf":[],"_links":{"self":[{"href":"https:\/\/solideq.com\/no\/wp-json\/wp\/v2\/pages\/482","targetHints":{"allow":["GET"]}}],"collection":[{"href":"https:\/\/solideq.com\/no\/wp-json\/wp\/v2\/pages"}],"about":[{"href":"https:\/\/solideq.com\/no\/wp-json\/wp\/v2\/types\/page"}],"author":[{"embeddable":true,"href":"https:\/\/solideq.com\/no\/wp-json\/wp\/v2\/users\/1"}],"replies":[{"embeddable":true,"href":"https:\/\/solideq.com\/no\/wp-json\/wp\/v2\/comments?post=482"}],"version-history":[{"count":34,"href":"https:\/\/solideq.com\/no\/wp-json\/wp\/v2\/pages\/482\/revisions"}],"predecessor-version":[{"id":1959,"href":"https:\/\/solideq.com\/no\/wp-json\/wp\/v2\/pages\/482\/revisions\/1959"}],"wp:attachment":[{"href":"https:\/\/solideq.com\/no\/wp-json\/wp\/v2\/media?parent=482"}],"curies":[{"name":"wp","href":"https:\/\/api.w.org\/{rel}","templated":true}]}}