{"id":480,"date":"2024-05-08T19:09:42","date_gmt":"2024-05-08T21:09:42","guid":{"rendered":"https:\/\/solideq.com\/?page_id=480"},"modified":"2024-09-10T11:29:28","modified_gmt":"2024-09-10T13:29:28","slug":"investor","status":"publish","type":"page","link":"https:\/\/solideq.com\/no\/investor\/","title":{"rendered":"Investorer"},"content":{"rendered":"<section\n  data-block=\"wysiwyg\"\n  class=\"acf-wysiwyg section-border-top bg-gray-200 px-4 md:px-6 pb-14 md:pb-[74px] pt-6 md:pt-16\"\n\n>\n<div class=\"max-width-container flex justify-end\">\n    <div class=\"wysiwyg text-black md:w-[50%]\">\n        <p><span style=\"font-weight: 400;\">Solideq er et voksende konsern som baner vei innen arbeidsplass-sikkerhet. Konsernet best\u00e5r av flere datterselskaper i Sverige og Norge, inkludert e-handel gjennom nettsidene solideq.no, st\u00e4llning.se, solideq.fi, stegproffsen.se og snickarkl\u00e4der.se.<\/span><\/p>\n<p><span style=\"font-weight: 400;\">Siden 2019 har Solideq v\u00e6rt eid av det svenske investeringsfondet Pamica.<\/span><\/p>\n\n    <\/div>\n<\/div>\n\n<\/section>\n\n\n<section\n  data-block=\"image\"\n  class=\"acf-image h-[594px] md:h-[720px] relative\"\n>\n    <div class=\"max-width-container flex flex-col justify-between px-4 pb-[3.438rem] w-full h-full relative z-[1]\">\n\n            <\/div>\n\n    <div class=\"image-block-image w-full absolute top-[-33px]\">\n        <picture>\n                        <img decoding=\"async\" src=\"https:\/\/cdn.ohmyhosting.se\/src\/https:\/\/solideq.com\/wp-content\/uploads\/2024\/05\/1f1be65c77b3f36529b85115e6556c25-1024x589.png\" class=\"w-full h-full rounded-tl-2xl rounded-tr-2xl object-cover brightness-[0.8]\" loading=\"lazy\"\/>\n        <\/picture>\n\n    <\/div>\n<\/section>\n\n\n<section\n  data-block=\"text-block\"\n  class=\"acf-text-block section-border-top bg-black w-full px-4 pb-[5.25rem] pt-4 md:pt-[5.25rem] md:pb-[11.688rem] md:px-10\"\n>\n    <div class=\"max-width-container\">\n        <h3 class=\"heading-lg text-white mb-4\">Pamica<\/h3>\n        <p class=\"body-lg text-white max-w-[670px]\">Pamica er et raskt voksende industri- og tjenestekonsern som best\u00e5r av 17 svenske bedriftsgrupper med virksomhet over hele verden. Konsernets desentraliserte lederskap, med sterke ledere, egne styrer i hvert selskap, og over 300 erfarne eiere og bedriftsbyggere som st\u00f8tter v\u00e5re selskaper, ligger til grunn for konsernets suksess.<br \/>\r\n<\/p>\n    <\/div>\n<\/section>\n\n\n<section\n  data-block=\"image\"\n  class=\"acf-image h-[594px] md:h-[720px] relative\"\n>\n    <div class=\"max-width-container flex flex-col justify-between px-4 pb-[3.438rem] w-full h-full relative z-[1]\">\n\n                <div class=\"pusher-element\"><\/div>\n\n        <a href=\"https:\/\/www.pamica.se\" target=_blank>\n            <div class=\"w-full max-w-[400px] min-h-[186px] relative flex flex-col bg-gray-800 rounded-2xl justify-between md:max-w-0 md:w-auto md:absolute md:bottom-[6.125rem] md:right-10  p-8 md:min-w-[442px]\">\n                <div class=\"mb-[4.5rem]\">\n                    \n                                            <h3 class=\"heading-sm text-white\">G\u00e5 til Pamicas nettsted<\/h3>\n                                    <\/div>\n\n                <button class=\"card-button card-button--secondary\">\n                    <svg width=\"17\" height=\"14\" viewBox=\"0 0 17 14\" fill=\"none\" xmlns=\"http:\/\/www.w3.org\/2000\/svg\" class=\"\">\n    <path d=\"M2 0.146484H0V8.14648H12.5859L8.29297 12.4395L9.70718 13.8537L16.4143 7.14656L9.70718 0.439453L8.29297 1.85367L12.5858 6.14648H2V0.146484Z\"\/>\n<\/svg>\n                <\/button>\n            <\/div>\n        <\/a>\n            <\/div>\n\n    <div class=\"image-block-image w-full absolute top-[-33px]\">\n        <picture>\n                        <img decoding=\"async\" src=\"https:\/\/cdn.ohmyhosting.se\/src\/https:\/\/solideq.com\/wp-content\/uploads\/2024\/05\/1f1be65c77b3f36529b85115e6556c25-1024x589.png\" class=\"w-full h-full rounded-tl-2xl rounded-tr-2xl object-cover brightness-[0.8]\" loading=\"lazy\"\/>\n        <\/picture>\n\n    <\/div>\n<\/section>\n","protected":false},"excerpt":{"rendered":"","protected":false},"author":1,"featured_media":0,"parent":0,"menu_order":0,"comment_status":"closed","ping_status":"closed","template":"page-archive.php","meta":{"_acf_changed":false,"footnotes":""},"class_list":["post-480","page","type-page","status-publish","hentry"],"acf":[],"_links":{"self":[{"href":"https:\/\/solideq.com\/no\/wp-json\/wp\/v2\/pages\/480","targetHints":{"allow":["GET"]}}],"collection":[{"href":"https:\/\/solideq.com\/no\/wp-json\/wp\/v2\/pages"}],"about":[{"href":"https:\/\/solideq.com\/no\/wp-json\/wp\/v2\/types\/page"}],"author":[{"embeddable":true,"href":"https:\/\/solideq.com\/no\/wp-json\/wp\/v2\/users\/1"}],"replies":[{"embeddable":true,"href":"https:\/\/solideq.com\/no\/wp-json\/wp\/v2\/comments?post=480"}],"version-history":[{"count":5,"href":"https:\/\/solideq.com\/no\/wp-json\/wp\/v2\/pages\/480\/revisions"}],"predecessor-version":[{"id":1535,"href":"https:\/\/solideq.com\/no\/wp-json\/wp\/v2\/pages\/480\/revisions\/1535"}],"wp:attachment":[{"href":"https:\/\/solideq.com\/no\/wp-json\/wp\/v2\/media?parent=480"}],"curies":[{"name":"wp","href":"https:\/\/api.w.org\/{rel}","templated":true}]}}